{"id":756,"date":"2024-11-28T13:20:13","date_gmt":"2024-11-28T13:20:13","guid":{"rendered":"https:\/\/dmpf-consulting.cz\/?page_id=756"},"modified":"2024-12-02T22:20:43","modified_gmt":"2024-12-02T22:20:43","slug":"formular","status":"publish","type":"page","link":"https:\/\/dmpf-consulting.cz\/en\/formular\/","title":{"rendered":"&#8211;"},"content":{"rendered":"<div data-elementor-type=\"wp-page\" data-elementor-id=\"756\" class=\"elementor elementor-756\">\n\t\t\t\t<div class=\"elementor-element elementor-element-35ce862 e-flex e-con-boxed e-con e-parent\" data-id=\"35ce862\" data-element_type=\"container\" data-e-type=\"container\">\n\t\t\t\t\t<div class=\"e-con-inner\">\n\t\t\t\t<div class=\"elementor-element elementor-element-27ed859 elementor-widget elementor-widget-shortcode\" data-id=\"27ed859\" data-element_type=\"widget\" data-e-type=\"widget\" data-widget_type=\"shortcode.default\">\n\t\t\t\t<div class=\"elementor-widget-container\">\n\t\t\t\t\t\t\t<div class=\"elementor-shortcode\"><div class=\"forminator-ui forminator-custom-form forminator-custom-form-860 forminator-design--default  forminator_ajax\" data-forminator-render=\"0\" data-form=\"forminator-module-860\" data-uid=\"69e322c5c5b13\"><br\/><\/div><form\n\t\t\t\tid=\"forminator-module-860\"\n\t\t\t\tclass=\"forminator-ui forminator-custom-form forminator-custom-form-860 forminator-design--default  forminator_ajax\"\n\t\t\t\tmethod=\"post\"\n\t\t\t\tdata-forminator-render=\"0\"\n\t\t\t\tdata-form-id=\"860\"\n\t\t\t\t data-color-option=\"theme\" data-design=\"default\" data-grid=\"open\" style=\"display: none;\"\n\t\t\t\tdata-uid=\"69e322c5c5b13\" action=\"\"\n\t\t\t><div role=\"alert\" aria-live=\"polite\" class=\"forminator-response-message forminator-error\" aria-hidden=\"true\"><\/div><div class=\"forminator-row\"><div id=\"name-1\" class=\"forminator-field-name forminator-col forminator-col-12\"><div class=\"forminator-field\"><label for=\"forminator-field-name-1_69e322c5c5b13\" id=\"forminator-field-name-1_69e322c5c5b13-label\" class=\"forminator-label\">Name <span class=\"forminator-required\">*<\/span><\/label><input type=\"text\" name=\"name-1\" value=\"\" placeholder=\"e.g. John\" id=\"forminator-field-name-1_69e322c5c5b13\" class=\"forminator-input forminator-name--field\" aria-required=\"true\" autocomplete=\"name\" \/><\/div><\/div><\/div><div class=\"forminator-row\"><div id=\"email-1\" class=\"forminator-field-email forminator-col forminator-col-12\"><div class=\"forminator-field\"><label for=\"forminator-field-email-1_69e322c5c5b13\" id=\"forminator-field-email-1_69e322c5c5b13-label\" class=\"forminator-label\">E-mail <span class=\"forminator-required\">*<\/span><\/label><input type=\"email\" name=\"email-1\" value=\"\" placeholder=\"e.g. john@email.com\" id=\"forminator-field-email-1_69e322c5c5b13\" class=\"forminator-input forminator-email--field\" data-required=\"true\" aria-required=\"true\" autocomplete=\"email\" \/><\/div><\/div><\/div><div class=\"forminator-row\"><div id=\"phone-1\" class=\"forminator-field-phone forminator-col forminator-col-12\"><div class=\"forminator-field\"><label for=\"forminator-field-phone-1_69e322c5c5b13\" id=\"forminator-field-phone-1_69e322c5c5b13-label\" class=\"forminator-label\">Phone<\/label><input type=\"text\" name=\"phone-1\" value=\"\" placeholder=\"e.g. +420 737121121\" id=\"forminator-field-phone-1_69e322c5c5b13\" class=\"forminator-input forminator-field--phone\" data-required=\"\" aria-required=\"false\" autocomplete=\"off\" \/><\/div><\/div><\/div><div class=\"forminator-row\"><div id=\"checkbox-2\" class=\"forminator-field-checkbox forminator-col forminator-col-12\"><div role=\"group\" class=\"forminator-field required\" aria-labelledby=\"forminator-checkbox-group-forminator-field-checkbox-2-69e322c5c5b13-label\"><span id=\"forminator-checkbox-group-forminator-field-checkbox-2-69e322c5c5b13-label\" class=\"forminator-label\">V jak\u00e9m m\u011bst\u011b preferujete setk\u00e1n\u00ed? <span class=\"forminator-required\">*<\/span><\/span><label id=\"forminator-field-checkbox-2-1-69e322c5c5b13-label\" for=\"forminator-field-checkbox-2-1-69e322c5c5b13\" class=\"forminator-checkbox\" title=\"Praha\"><input type=\"checkbox\" name=\"checkbox-2[]\" value=\"one\" id=\"forminator-field-checkbox-2-1-69e322c5c5b13\" aria-labelledby=\"forminator-field-checkbox-2-1-69e322c5c5b13-label\" data-calculation=\"0\"   data-hidden-behavior=\"zero\"\/><span class=\"forminator-checkbox-box\" aria-hidden=\"true\"><\/span><span class=\"forminator-checkbox-label\">Praha<\/span><\/label><label id=\"forminator-field-checkbox-2-2-69e322c5c5b13-label\" for=\"forminator-field-checkbox-2-2-69e322c5c5b13\" class=\"forminator-checkbox\" title=\"Plze\u0148\"><input type=\"checkbox\" name=\"checkbox-2[]\" value=\"two\" id=\"forminator-field-checkbox-2-2-69e322c5c5b13\" aria-labelledby=\"forminator-field-checkbox-2-2-69e322c5c5b13-label\" data-calculation=\"0\"   data-hidden-behavior=\"zero\"\/><span class=\"forminator-checkbox-box\" aria-hidden=\"true\"><\/span><span class=\"forminator-checkbox-label\">Plze\u0148<\/span><\/label><label id=\"forminator-field-checkbox-2-3-69e322c5c5b13-label\" for=\"forminator-field-checkbox-2-3-69e322c5c5b13\" class=\"forminator-checkbox\" title=\"Jin\u00e9\"><input type=\"checkbox\" name=\"checkbox-2[]\" value=\"Jin\u00e9\" id=\"forminator-field-checkbox-2-3-69e322c5c5b13\" aria-labelledby=\"forminator-field-checkbox-2-3-69e322c5c5b13-label\" data-calculation=\"0\"   data-hidden-behavior=\"zero\"\/><span class=\"forminator-checkbox-box\" aria-hidden=\"true\"><\/span><span class=\"forminator-checkbox-label\">Jin\u00e9<\/span><\/label><\/div><\/div><\/div><div class=\"forminator-row\"><div id=\"textarea-1\" class=\"forminator-field-textarea forminator-col forminator-col-12\"><div class=\"forminator-field\"><label for=\"forminator-field-textarea-1_69e322c5c5b13\" id=\"forminator-field-textarea-1_69e322c5c5b13-label\" class=\"forminator-label\">Message<\/label><textarea name=\"textarea-1\" placeholder=\"Enter your message...\" id=\"forminator-field-textarea-1_69e322c5c5b13\" class=\"forminator-textarea\" rows=\"6\" style=\"min-height:140px;\" maxlength=\"180\" ><\/textarea><span id=\"forminator-field-textarea-1_69e322c5c5b13-description\" class=\"forminator-description\"><span data-limit=\"180\" data-type=\"characters\" data-editor=\"\">0 \/ 180<\/span><\/span><\/div><\/div><\/div><div class=\"forminator-row\"><div id=\"checkbox-1\" class=\"forminator-field-checkbox forminator-col forminator-col-12\"><div role=\"group\" class=\"forminator-field required\" aria-labelledby=\"forminator-checkbox-group-forminator-field-checkbox-1-69e322c5c5b13-label\"><span id=\"forminator-checkbox-group-forminator-field-checkbox-1-69e322c5c5b13-label\" class=\"forminator-label\">Souhlas se zpracov\u00e1n\u00edm osobn\u00edch \u00fadaj\u016f: <span class=\"forminator-required\">*<\/span><\/span><label id=\"forminator-field-checkbox-1-1-69e322c5c5b13-label\" for=\"forminator-field-checkbox-1-1-69e322c5c5b13\" class=\"forminator-checkbox\" title=\"Souhlas\u00edm se zpracov\u00e1n\u00edm m\u00fdch osobn\u00edch \u00fadaj\u016f v souladu s pr\u00e1vn\u00edmi p\u0159edpisy, a to pro \u00fa\u010dely zprost\u0159edkov\u00e1n\u00ed kurzu auto\u0161koly. Souhlas\u00edm s t\u00edm, \u017ee m\u00e9 \u00fadaje budou poskytnuty t\u0159et\u00ed stran\u011b (auto\u0161kole), kter\u00e1 bude zaji\u0161\u0165ovat kurz. Byla mi vysv\u011btlena moje pr\u00e1va v souvislosti s ochranou osobn\u00edch \u00fadaj\u016f a souhlas\u00edm s jejich zpracov\u00e1n\u00edm podle pravidel GDPR.\"><input type=\"checkbox\" name=\"checkbox-1[]\" value=\"one\" id=\"forminator-field-checkbox-1-1-69e322c5c5b13\" aria-labelledby=\"forminator-field-checkbox-1-1-69e322c5c5b13-label\" data-calculation=\"0\"   data-hidden-behavior=\"zero\"\/><span class=\"forminator-checkbox-box\" aria-hidden=\"true\"><\/span><span class=\"forminator-checkbox-label\">Souhlas\u00edm se zpracov\u00e1n\u00edm m\u00fdch osobn\u00edch \u00fadaj\u016f v souladu s pr\u00e1vn\u00edmi p\u0159edpisy, a to pro \u00fa\u010dely zprost\u0159edkov\u00e1n\u00ed kurzu auto\u0161koly. Souhlas\u00edm s t\u00edm, \u017ee m\u00e9 \u00fadaje budou poskytnuty t\u0159et\u00ed stran\u011b (auto\u0161kole), kter\u00e1 bude zaji\u0161\u0165ovat kurz. Byla mi vysv\u011btlena moje pr\u00e1va v souvislosti s ochranou osobn\u00edch \u00fadaj\u016f a souhlas\u00edm s jejich zpracov\u00e1n\u00edm podle pravidel GDPR.<\/span><\/label><\/div><\/div><\/div><div class=\"forminator-row\"><div id=\"checkbox-3\" class=\"forminator-field-checkbox forminator-col forminator-col-12\"><div role=\"group\" class=\"forminator-field\" aria-labelledby=\"forminator-checkbox-group-forminator-field-checkbox-3-69e322c5c5b13-label\"><span id=\"forminator-checkbox-group-forminator-field-checkbox-3-69e322c5c5b13-label\" class=\"forminator-label\">Souhlas se zas\u00edl\u00e1n\u00edm obchodn\u00edch sd\u011blen\u00ed (nepovinn\u00e9):<\/span><label id=\"forminator-field-checkbox-3-1-69e322c5c5b13-label\" for=\"forminator-field-checkbox-3-1-69e322c5c5b13\" class=\"forminator-checkbox\" title=\"Souhlas\u00edm se zas\u00edl\u00e1n\u00edm informac\u00ed o slu\u017eb\u00e1ch, novink\u00e1ch a obchodn\u00edch sd\u011blen\u00edch spole\u010dnosti DMPF Consulting s.r.o. prost\u0159ednictv\u00edm e-mailu nebo telefonu. Tento souhlas je dobrovoln\u00fd a mohu jej kdykoliv odvolat.\"><input type=\"checkbox\" name=\"checkbox-3[]\" value=\"one\" id=\"forminator-field-checkbox-3-1-69e322c5c5b13\" aria-labelledby=\"forminator-field-checkbox-3-1-69e322c5c5b13-label\" data-calculation=\"0\"   data-hidden-behavior=\"zero\"\/><span class=\"forminator-checkbox-box\" aria-hidden=\"true\"><\/span><span class=\"forminator-checkbox-label\">Souhlas\u00edm se zas\u00edl\u00e1n\u00edm informac\u00ed o slu\u017eb\u00e1ch, novink\u00e1ch a obchodn\u00edch sd\u011blen\u00edch spole\u010dnosti DMPF Consulting s.r.o. prost\u0159ednictv\u00edm e-mailu nebo telefonu. Tento souhlas je dobrovoln\u00fd a mohu jej kdykoliv odvolat.<\/span><\/label><\/div><\/div><\/div><input type=\"hidden\" name=\"referer_url\" value=\"\" \/><div class=\"forminator-row forminator-row-last\"><div class=\"forminator-col\"><div class=\"forminator-field\"><button class=\"forminator-button forminator-button-submit\">Send Message<\/button><\/div><\/div><\/div><input type=\"hidden\" id=\"forminator_nonce\" name=\"forminator_nonce\" value=\"f37859cc1e\" \/><input type=\"hidden\" name=\"_wp_http_referer\" value=\"\/en\/wp-json\/wp\/v2\/pages\/756\" \/><input type=\"hidden\" name=\"form_id\" value=\"860\"><input type=\"hidden\" name=\"page_id\" value=\"756\"><input type=\"hidden\" name=\"form_type\" value=\"default\"><input type=\"hidden\" name=\"current_url\" value=\"https:\/\/dmpf-consulting.cz\/en\/formular\/\"><input type=\"hidden\" name=\"render_id\" value=\"0\"><input type=\"hidden\" name=\"action\" value=\"forminator_submit_form_custom-forms\"><input type=\"hidden\" name=\"trp-form-language\" value=\"en\"\/><\/form><\/div>\n\t\t\t\t\t\t<\/div>\n\t\t\t\t<\/div>\n\t\t\t\t\t<\/div>\n\t\t\t\t<\/div>\n\t\t<div class=\"elementor-element elementor-element-ffc47a8 e-flex e-con-boxed e-con e-parent\" data-id=\"ffc47a8\" data-element_type=\"container\" data-e-type=\"container\">\n\t\t\t\t\t<div class=\"e-con-inner\">\n\t\t\t\t<div class=\"elementor-element elementor-element-d9912dc elementor-widget elementor-widget-text-editor\" data-id=\"d9912dc\" data-element_type=\"widget\" data-e-type=\"widget\" data-widget_type=\"text-editor.default\">\n\t\t\t\t<div class=\"elementor-widget-container\">\n\t\t\t\t\t\t\t\t\t<p><em><strong>*Your inquiry is non-binding and free of charge. After receiving it, we will contact you and discuss all the details and options for how we can best assist you.<\/strong><\/em><\/p>\t\t\t\t\t\t\t\t<\/div>\n\t\t\t\t<\/div>\n\t\t\t\t\t<\/div>\n\t\t\t\t<\/div>\n\t\t\t\t<section class=\"elementor-section elementor-top-section elementor-element elementor-element-dea1bd0 elementor-section-boxed elementor-section-height-default elementor-section-height-default\" data-id=\"dea1bd0\" data-element_type=\"section\" data-e-type=\"section\" data-settings=\"{&quot;background_background&quot;:&quot;classic&quot;}\">\n\t\t\t\t\t\t<div class=\"elementor-container elementor-column-gap-wide\">\n\t\t\t\t\t<div class=\"elementor-column elementor-col-33 elementor-top-column elementor-element elementor-element-44151e4\" data-id=\"44151e4\" data-element_type=\"column\" data-e-type=\"column\">\n\t\t\t<div class=\"elementor-widget-wrap elementor-element-populated\">\n\t\t\t\t\t\t<div class=\"elementor-element elementor-element-95b6001 elementor-widget elementor-widget-heading\" data-id=\"95b6001\" data-element_type=\"widget\" data-e-type=\"widget\" data-widget_type=\"heading.default\">\n\t\t\t\t<div class=\"elementor-widget-container\">\n\t\t\t\t\t<h2 class=\"elementor-heading-title elementor-size-default\">Contact<\/h2>\t\t\t\t<\/div>\n\t\t\t\t<\/div>\n\t\t\t\t<div class=\"elementor-element elementor-element-fa4d085 elementor-widget elementor-widget-text-editor\" data-id=\"fa4d085\" data-element_type=\"widget\" data-e-type=\"widget\" data-widget_type=\"text-editor.default\">\n\t\t\t\t<div class=\"elementor-widget-container\">\n\t\t\t\t\t\t\t\t\t<p class=\"translation-block\">Phone: +420 792 994 774<br>Phone: +420 739 952 546<br>Email: office@dmpf-consulting.cz<\/p>\t\t\t\t\t\t\t\t<\/div>\n\t\t\t\t<\/div>\n\t\t\t\t<div class=\"elementor-element elementor-element-0271ecd elementor-shape-circle e-grid-align-left e-grid-align-tablet-center elementor-grid-0 elementor-widget elementor-widget-social-icons\" data-id=\"0271ecd\" data-element_type=\"widget\" data-e-type=\"widget\" data-widget_type=\"social-icons.default\">\n\t\t\t\t<div class=\"elementor-widget-container\">\n\t\t\t\t\t\t\t<div class=\"elementor-social-icons-wrapper elementor-grid\" role=\"list\">\n\t\t\t\t\t\t\t<span class=\"elementor-grid-item\" role=\"listitem\">\n\t\t\t\t\t<a class=\"elementor-icon elementor-social-icon elementor-social-icon-facebook elementor-repeater-item-5536674\" href=\"https:\/\/facebook.com\/dmpf.consulting\" target=\"_blank\" rel=\"noopener\">\n\t\t\t\t\t\t<span class=\"elementor-screen-only\">Facebook<\/span>\n\t\t\t\t\t\t<svg aria-hidden=\"true\" class=\"e-font-icon-svg e-fab-facebook\" viewbox=\"0 0 512 512\" xmlns=\"http:\/\/www.w3.org\/2000\/svg\"><path d=\"M504 256C504 119 393 8 256 8S8 119 8 256c0 123.78 90.69 226.38 209.25 245V327.69h-63V256h63v-54.64c0-62.15 37-96.48 93.67-96.48 27.14 0 55.52 4.84 55.52 4.84v61h-31.28c-30.8 0-40.41 19.12-40.41 38.73V256h68.78l-11 71.69h-57.78V501C413.31 482.38 504 379.78 504 256z\"><\/path><\/svg>\t\t\t\t\t<\/a>\n\t\t\t\t<\/span>\n\t\t\t\t\t\t\t<span class=\"elementor-grid-item\" role=\"listitem\">\n\t\t\t\t\t<a class=\"elementor-icon elementor-social-icon elementor-social-icon-instagram elementor-repeater-item-d613c1b\" href=\"https:\/\/instagram.com\/dmpf_consulting\" target=\"_blank\" rel=\"noopener\">\n\t\t\t\t\t\t<span class=\"elementor-screen-only\">Instagram<\/span>\n\t\t\t\t\t\t<svg aria-hidden=\"true\" class=\"e-font-icon-svg e-fab-instagram\" viewbox=\"0 0 448 512\" xmlns=\"http:\/\/www.w3.org\/2000\/svg\"><path d=\"M224.1 141c-63.6 0-114.9 51.3-114.9 114.9s51.3 114.9 114.9 114.9S339 319.5 339 255.9 287.7 141 224.1 141zm0 189.6c-41.1 0-74.7-33.5-74.7-74.7s33.5-74.7 74.7-74.7 74.7 33.5 74.7 74.7-33.6 74.7-74.7 74.7zm146.4-194.3c0 14.9-12 26.8-26.8 26.8-14.9 0-26.8-12-26.8-26.8s12-26.8 26.8-26.8 26.8 12 26.8 26.8zm76.1 27.2c-1.7-35.9-9.9-67.7-36.2-93.9-26.2-26.2-58-34.4-93.9-36.2-37-2.1-147.9-2.1-184.9 0-35.8 1.7-67.6 9.9-93.9 36.1s-34.4 58-36.2 93.9c-2.1 37-2.1 147.9 0 184.9 1.7 35.9 9.9 67.7 36.2 93.9s58 34.4 93.9 36.2c37 2.1 147.9 2.1 184.9 0 35.9-1.7 67.7-9.9 93.9-36.2 26.2-26.2 34.4-58 36.2-93.9 2.1-37 2.1-147.8 0-184.8zM398.8 388c-7.8 19.6-22.9 34.7-42.6 42.6-29.5 11.7-99.5 9-132.1 9s-102.7 2.6-132.1-9c-19.6-7.8-34.7-22.9-42.6-42.6-11.7-29.5-9-99.5-9-132.1s-2.6-102.7 9-132.1c7.8-19.6 22.9-34.7 42.6-42.6 29.5-11.7 99.5-9 132.1-9s102.7-2.6 132.1 9c19.6 7.8 34.7 22.9 42.6 42.6 11.7 29.5 9 99.5 9 132.1s2.7 102.7-9 132.1z\"><\/path><\/svg>\t\t\t\t\t<\/a>\n\t\t\t\t<\/span>\n\t\t\t\t\t\t\t<span class=\"elementor-grid-item\" role=\"listitem\">\n\t\t\t\t\t<a class=\"elementor-icon elementor-social-icon elementor-social-icon-google elementor-repeater-item-dd34967\" href=\"https:\/\/g.page\/r\/CUFMNehN3ZgmEBM\/review\" target=\"_blank\">\n\t\t\t\t\t\t<span class=\"elementor-screen-only\">Google<\/span>\n\t\t\t\t\t\t<svg aria-hidden=\"true\" class=\"e-font-icon-svg e-fab-google\" viewbox=\"0 0 488 512\" xmlns=\"http:\/\/www.w3.org\/2000\/svg\"><path d=\"M488 261.8C488 403.3 391.1 504 248 504 110.8 504 0 393.2 0 256S110.8 8 248 8c66.8 0 123 24.5 166.3 64.9l-67.5 64.9C258.5 52.6 94.3 116.6 94.3 256c0 86.5 69.1 156.6 153.7 156.6 98.2 0 135-70.4 140.8-106.9H248v-85.3h236.1c2.3 12.7 3.9 24.9 3.9 41.4z\"><\/path><\/svg>\t\t\t\t\t<\/a>\n\t\t\t\t<\/span>\n\t\t\t\t\t<\/div>\n\t\t\t\t\t\t<\/div>\n\t\t\t\t<\/div>\n\t\t\t\t\t<\/div>\n\t\t<\/div>\n\t\t\t\t<div class=\"elementor-column elementor-col-33 elementor-top-column elementor-element elementor-element-ea3f6c2\" data-id=\"ea3f6c2\" data-element_type=\"column\" data-e-type=\"column\">\n\t\t\t<div class=\"elementor-widget-wrap elementor-element-populated\">\n\t\t\t\t\t\t<div class=\"elementor-element elementor-element-f46e863 elementor-widget elementor-widget-heading\" data-id=\"f46e863\" data-element_type=\"widget\" data-e-type=\"widget\" data-widget_type=\"heading.default\">\n\t\t\t\t<div class=\"elementor-widget-container\">\n\t\t\t\t\t<h2 class=\"elementor-heading-title elementor-size-default\">Brands<\/h2>\t\t\t\t<\/div>\n\t\t\t\t<\/div>\n\t\t\t\t<div class=\"elementor-element elementor-element-fa9b31c elementor-widget elementor-widget-text-editor\" data-id=\"fa9b31c\" data-element_type=\"widget\" data-e-type=\"widget\" data-widget_type=\"text-editor.default\">\n\t\t\t\t<div class=\"elementor-widget-container\">\n\t\t\t\t\t\t\t\t\t<div style=\"font-size: 18px; font-family: 'Poppins', serif; color: #F5F5DB; display: flex; flex-direction: column; align-items: flex-start; gap: 10px;\">\n  <a href=\"https:\/\/gombiclean.cz\" target=\"_blank\" style=\"text-decoration: none; color: #F5F5DB;\" rel=\"noopener\">GOMBICLEAN<\/a>\n  <a href=\"https:\/\/facebook.com\/gombicon\" target=\"_blank\" style=\"text-decoration: none; color: #F5F5DB;\" rel=\"noopener\">GOMBICON<\/a>\n<\/div>\n\t\t\t\t\t\t\t\t<\/div>\n\t\t\t\t<\/div>\n\t\t\t\t\t<\/div>\n\t\t<\/div>\n\t\t\t\t<div class=\"elementor-column elementor-col-33 elementor-top-column elementor-element elementor-element-f08c1df\" data-id=\"f08c1df\" data-element_type=\"column\" data-e-type=\"column\">\n\t\t\t<div class=\"elementor-widget-wrap elementor-element-populated\">\n\t\t\t\t\t\t<div class=\"elementor-element elementor-element-ca2f938 elementor-widget elementor-widget-heading\" data-id=\"ca2f938\" data-element_type=\"widget\" data-e-type=\"widget\" data-widget_type=\"heading.default\">\n\t\t\t\t<div class=\"elementor-widget-container\">\n\t\t\t\t\t<h2 class=\"elementor-heading-title elementor-size-default\">About Us<\/h2>\t\t\t\t<\/div>\n\t\t\t\t<\/div>\n\t\t\t\t<div class=\"elementor-element elementor-element-90b0715 elementor-widget elementor-widget-text-editor\" data-id=\"90b0715\" data-element_type=\"widget\" data-e-type=\"widget\" data-widget_type=\"text-editor.default\">\n\t\t\t\t<div class=\"elementor-widget-container\">\n\t\t\t\t\t\t\t\t\t<p class=\"translation-block\">DMPF Consulting s.r.o.<br>Laudova 1003\/26, \u0158epy, 163 00 Prague<br>Company ID: 19765851<\/p>\n<p><br><br><\/p>\t\t\t\t\t\t\t\t<\/div>\n\t\t\t\t<\/div>\n\t\t\t\t\t<\/div>\n\t\t<\/div>\n\t\t\t\t\t<\/div>\n\t\t<\/section>\n\t\t\t\t<\/div>","protected":false},"excerpt":{"rendered":"<p>*Va\u0161e popt\u00e1vka je nez\u00e1vazn\u00e1 a bezplatn\u00e1. Po jej\u00edm obdr\u017een\u00ed v\u00e1s budeme kontaktovat a spole\u010dn\u011b probereme v\u0161echny detaily a mo\u017enosti, jak v\u00e1m nejl\u00e9pe pomoci. Kontakty Tel. [&hellip;]<\/p>\n","protected":false},"author":1,"featured_media":0,"parent":0,"menu_order":0,"comment_status":"closed","ping_status":"closed","template":"page-templates\/page_front-page.php","meta":{"footnotes":""},"class_list":["post-756","page","type-page","status-publish","hentry"],"_links":{"self":[{"href":"https:\/\/dmpf-consulting.cz\/en\/wp-json\/wp\/v2\/pages\/756","targetHints":{"allow":["GET"]}}],"collection":[{"href":"https:\/\/dmpf-consulting.cz\/en\/wp-json\/wp\/v2\/pages"}],"about":[{"href":"https:\/\/dmpf-consulting.cz\/en\/wp-json\/wp\/v2\/types\/page"}],"author":[{"embeddable":true,"href":"https:\/\/dmpf-consulting.cz\/en\/wp-json\/wp\/v2\/users\/1"}],"replies":[{"embeddable":true,"href":"https:\/\/dmpf-consulting.cz\/en\/wp-json\/wp\/v2\/comments?post=756"}],"version-history":[{"count":25,"href":"https:\/\/dmpf-consulting.cz\/en\/wp-json\/wp\/v2\/pages\/756\/revisions"}],"predecessor-version":[{"id":872,"href":"https:\/\/dmpf-consulting.cz\/en\/wp-json\/wp\/v2\/pages\/756\/revisions\/872"}],"wp:attachment":[{"href":"https:\/\/dmpf-consulting.cz\/en\/wp-json\/wp\/v2\/media?parent=756"}],"curies":[{"name":"wp","href":"https:\/\/api.w.org\/{rel}","templated":true}]}}