{"id":1242,"date":"2025-01-16T10:39:35","date_gmt":"2025-01-16T10:39:35","guid":{"rendered":"https:\/\/dmpf-consulting.cz\/?page_id=1242"},"modified":"2025-01-16T11:01:29","modified_gmt":"2025-01-16T11:01:29","slug":"adaptace-cizincu-v-cesku-klicove-kroky-k-hladkemu-zacleneni","status":"publish","type":"page","link":"https:\/\/dmpf-consulting.cz\/en\/blog\/adaptace-cizincu-v-cesku-klicove-kroky-k-hladkemu-zacleneni\/","title":{"rendered":"Adaptation of foreigners in the Czech Republic: Key steps for smooth integration"},"content":{"rendered":"<div data-elementor-type=\"wp-page\" data-elementor-id=\"1242\" class=\"elementor elementor-1242\">\n\t\t\t\t<div class=\"elementor-element elementor-element-3a3eb32 e-flex e-con-boxed e-con e-parent\" data-id=\"3a3eb32\" data-element_type=\"container\" data-e-type=\"container\">\n\t\t\t\t\t<div class=\"e-con-inner\">\n\t\t<div class=\"elementor-element elementor-element-b915c39 e-con-full e-flex e-con e-child\" data-id=\"b915c39\" data-element_type=\"container\" data-e-type=\"container\">\n\t\t<div class=\"elementor-element elementor-element-032f57e e-con-full e-flex e-con e-child\" data-id=\"032f57e\" data-element_type=\"container\" data-e-type=\"container\">\n\t\t\t\t<div class=\"elementor-element elementor-element-363a9d1 elementor-widget elementor-widget-text-editor\" data-id=\"363a9d1\" data-element_type=\"widget\" data-e-type=\"widget\" data-widget_type=\"text-editor.default\">\n\t\t\t\t<div class=\"elementor-widget-container\">\n\t\t\t\t\t\t\t\t\t<p><em>Publikov\u00e1no: 16. ledna 2025 | Autor: DMPF Consulting<\/em><\/p>\t\t\t\t\t\t\t\t<\/div>\n\t\t\t\t<\/div>\n\t\t\t\t<\/div>\n\t\t\t\t<\/div>\n\t\t\t\t\t<\/div>\n\t\t\t\t<\/div>\n\t\t<div class=\"elementor-element elementor-element-a7a3df2 e-flex e-con-boxed e-con e-parent\" data-id=\"a7a3df2\" data-element_type=\"container\" data-e-type=\"container\">\n\t\t\t\t\t<div class=\"e-con-inner\">\n\t\t<div class=\"elementor-element elementor-element-958b075 e-con-full e-flex e-con e-child\" data-id=\"958b075\" data-element_type=\"container\" data-e-type=\"container\">\n\t\t<div class=\"elementor-element elementor-element-0595c81 e-con-full e-flex e-con e-child\" data-id=\"0595c81\" data-element_type=\"container\" data-e-type=\"container\">\n\t\t\t\t<div class=\"elementor-element elementor-element-ecc7a2f elementor-widget elementor-widget-heading\" data-id=\"ecc7a2f\" data-element_type=\"widget\" data-e-type=\"widget\" data-widget_type=\"heading.default\">\n\t\t\t\t<div class=\"elementor-widget-container\">\n\t\t\t\t\t<h1 class=\"elementor-heading-title elementor-size-default\">Adaptation of foreigners in the Czech Republic: Key steps for smooth integration<\/h1>\t\t\t\t<\/div>\n\t\t\t\t<\/div>\n\t\t\t\t<div class=\"elementor-element elementor-element-8f1244c elementor-widget elementor-widget-heading\" data-id=\"8f1244c\" data-element_type=\"widget\" data-e-type=\"widget\" data-widget_type=\"heading.default\">\n\t\t\t\t<div class=\"elementor-widget-container\">\n\t\t\t\t\t<h3 class=\"elementor-heading-title elementor-size-default\">Ensuring the smooth adaptation of foreigners in the Czech Republic is important not only for them but also for their employers and local communities.<\/h3>\t\t\t\t<\/div>\n\t\t\t\t<\/div>\n\t\t\t\t<div class=\"elementor-element elementor-element-d04a9f6 elementor-widget elementor-widget-heading\" data-id=\"d04a9f6\" data-element_type=\"widget\" data-e-type=\"widget\" data-widget_type=\"heading.default\">\n\t\t\t\t<div class=\"elementor-widget-container\">\n\t\t\t\t\t<h5 class=\"elementor-heading-title elementor-size-default translation-block\">According to data from the Ministry of the Interior of the Czech Republic, as of November 30, 2024, 1,030,656 foreigners were registered in the Czech Republic. Among them, 338,500 had temporary residence permits, 355,005 had permanent residence permits, and 338,736 were registered under temporary protection.\n<br>\n<br>\nBased on our experience at DMPF Consulting s.r.o., we have compiled a list of the most common obstacles and proposed specific ways to facilitate the adaptation process for foreigners.<\/h5>\t\t\t\t<\/div>\n\t\t\t\t<\/div>\n\t\t\t\t<div class=\"elementor-element elementor-element-dc95790 elementor-widget-divider--view-line elementor-widget elementor-widget-divider\" data-id=\"dc95790\" data-element_type=\"widget\" data-e-type=\"widget\" data-widget_type=\"divider.default\">\n\t\t\t\t<div class=\"elementor-widget-container\">\n\t\t\t\t\t\t\t<div class=\"elementor-divider\">\n\t\t\t<span class=\"elementor-divider-separator\">\n\t\t\t\t\t\t<\/span>\n\t\t<\/div>\n\t\t\t\t\t\t<\/div>\n\t\t\t\t<\/div>\n\t\t\t\t<\/div>\n\t\t\t\t<\/div>\n\t\t\t\t\t<\/div>\n\t\t\t\t<\/div>\n\t\t<div class=\"elementor-element elementor-element-3c26c51 e-flex e-con-boxed e-con e-parent\" data-id=\"3c26c51\" data-element_type=\"container\" data-e-type=\"container\">\n\t\t\t\t\t<div class=\"e-con-inner\">\n\t\t<div class=\"elementor-element elementor-element-8d1b88c e-con-full e-flex e-con e-child\" data-id=\"8d1b88c\" data-element_type=\"container\" data-e-type=\"container\">\n\t\t<div class=\"elementor-element elementor-element-77fda45 e-con-full e-flex e-con e-child\" data-id=\"77fda45\" data-element_type=\"container\" data-e-type=\"container\">\n\t\t\t\t<div class=\"elementor-element elementor-element-8897a2e elementor-widget__width-initial elementor-widget-mobile__width-initial elementor-widget elementor-widget-text-editor\" data-id=\"8897a2e\" data-element_type=\"widget\" data-e-type=\"widget\" data-widget_type=\"text-editor.default\">\n\t\t\t\t<div class=\"elementor-widget-container\">\n\t\t\t\t\t\t\t\t\t<ol><li class=\"translation-block\"><strong>Language Barrier<\/strong><br>Czech is one of the more complex languages, which can be discouraging for newcomers. However, language skills play a crucial role in job hunting and daily life. Investing in language courses or providing language tutors for employees are among the best ways to ease the adaptation process.<\/li><li class=\"translation-block\"><strong>Administrative Obstacles<\/strong><br>Navigating the Czech system is often challenging. From registering with the Foreign Police to accessing health insurance or managing tax obligations\u2014these processes can be demanding even for Czech citizens. DMPF Consulting s.r.o. provides professional assistance to foreigners and their employers in handling the necessary documentation, significantly reducing stress and saving time.<\/li><li class=\"translation-block\"><strong>Insufficient Information About Life in the Czech Republic<\/strong><br>Many foreigners arrive in the Czech Republic without a deeper understanding of local rules and norms, which can lead to misunderstandings or issues. Organizing informational workshops or \"Welcome Days\" is an effective way to introduce foreigners to public services, labor rights, and common cultural practices.<\/li><li class=\"translation-block\"><strong>Finding Housing and Employment<\/strong><br>The process of finding housing is particularly challenging for foreigners. Discrimination in the housing market or complex rental conditions can pose significant obstacles. Employer support in finding suitable housing or providing company accommodations is therefore highly beneficial.<\/li><li><strong> Soci\u00e1ln\u00ed integrace<\/strong><br \/>Pocit osam\u011blosti pat\u0159\u00ed mezi \u010dast\u00e9 probl\u00e9my cizinc\u016f. Zalo\u017een\u00ed komunitn\u00edch center nebo organizov\u00e1n\u00ed kulturn\u00edch a sportovn\u00edch akc\u00ed m\u016f\u017ee pomoci cizinc\u016fm nav\u00e1zat nov\u00e9 vztahy a l\u00e9pe se za\u010dlenit do spole\u010dnosti.<\/li><li class=\"translation-block\"><strong>Access to Mental Support<\/strong><br>Adapting to a new life is stressful and can lead to psychological challenges. Therefore, it is essential for foreigners to have access to professional support, such as psychological counseling.<\/li><\/ol>\t\t\t\t\t\t\t\t<\/div>\n\t\t\t\t<\/div>\n\t\t<div class=\"elementor-element elementor-element-5e95654 e-con-full e-flex e-con e-child\" data-id=\"5e95654\" data-element_type=\"container\" data-e-type=\"container\">\n\t\t\t\t<div class=\"elementor-element elementor-element-5f93c31 elementor-widget elementor-widget-image\" data-id=\"5f93c31\" data-element_type=\"widget\" data-e-type=\"widget\" data-widget_type=\"image.default\">\n\t\t\t\t<div class=\"elementor-widget-container\">\n\t\t\t\t\t\t\t\t\t\t\t\t\t\t\t<img fetchpriority=\"high\" decoding=\"async\" width=\"683\" height=\"1024\" src=\"https:\/\/dmpf-consulting.cz\/wp-content\/uploads\/2025\/01\/young-adults-traveling-london_23-2149259511-683x1024.jpg\" class=\"attachment-large size-large wp-image-1245\" alt=\"\" srcset=\"https:\/\/dmpf-consulting.cz\/wp-content\/uploads\/2025\/01\/young-adults-traveling-london_23-2149259511-683x1024.jpg 683w, https:\/\/dmpf-consulting.cz\/wp-content\/uploads\/2025\/01\/young-adults-traveling-london_23-2149259511-200x300.jpg 200w, https:\/\/dmpf-consulting.cz\/wp-content\/uploads\/2025\/01\/young-adults-traveling-london_23-2149259511-8x12.jpg 8w, https:\/\/dmpf-consulting.cz\/wp-content\/uploads\/2025\/01\/young-adults-traveling-london_23-2149259511-230x345.jpg 230w, https:\/\/dmpf-consulting.cz\/wp-content\/uploads\/2025\/01\/young-adults-traveling-london_23-2149259511-350x525.jpg 350w, https:\/\/dmpf-consulting.cz\/wp-content\/uploads\/2025\/01\/young-adults-traveling-london_23-2149259511-480x720.jpg 480w, https:\/\/dmpf-consulting.cz\/wp-content\/uploads\/2025\/01\/young-adults-traveling-london_23-2149259511.jpg 740w\" sizes=\"(max-width: 683px) 100vw, 683px\" \/>\t\t\t\t\t\t\t\t\t\t\t\t\t\t\t<\/div>\n\t\t\t\t<\/div>\n\t\t\t\t<\/div>\n\t\t\t\t<div class=\"elementor-element elementor-element-384a9c7 elementor-widget-divider--view-line elementor-widget elementor-widget-divider\" data-id=\"384a9c7\" data-element_type=\"widget\" data-e-type=\"widget\" data-widget_type=\"divider.default\">\n\t\t\t\t<div class=\"elementor-widget-container\">\n\t\t\t\t\t\t\t<div class=\"elementor-divider\">\n\t\t\t<span class=\"elementor-divider-separator\">\n\t\t\t\t\t\t<\/span>\n\t\t<\/div>\n\t\t\t\t\t\t<\/div>\n\t\t\t\t<\/div>\n\t\t\t\t<\/div>\n\t\t\t\t<\/div>\n\t\t\t\t\t<\/div>\n\t\t\t\t<\/div>\n\t\t<div class=\"elementor-element elementor-element-79f5dc9 e-con-full e-flex e-con e-parent\" data-id=\"79f5dc9\" data-element_type=\"container\" data-e-type=\"container\">\n\t\t\t\t<div class=\"elementor-element elementor-element-5af2de5 elementor-widget elementor-widget-text-editor\" data-id=\"5af2de5\" data-element_type=\"widget\" data-e-type=\"widget\" data-widget_type=\"text-editor.default\">\n\t\t\t\t<div class=\"elementor-widget-container\">\n\t\t\t\t\t\t\t\t\t<p class=\"translation-block\"><b><span style=\"font-size: 10.0pt;line-height: 107%;font-family: 'Calibri',sans-serif\">Interesting Fact:<\/span><\/b><span style=\"font-size: 10.0pt;line-height: 107%;font-family: 'Calibri',sans-serif\"> \"A survey by the Association of Language Schools shows that employees who completed at least a basic Czech course reported a 35% higher satisfaction with life in the Czech Republic.\"<\/span><\/p>\t\t\t\t\t\t\t\t<\/div>\n\t\t\t\t<\/div>\n\t\t\t\t<\/div>\n\t\t<div class=\"elementor-element elementor-element-bda1a1b e-flex e-con-boxed e-con e-parent\" data-id=\"bda1a1b\" data-element_type=\"container\" data-e-type=\"container\">\n\t\t\t\t\t<div class=\"e-con-inner\">\n\t\t<div class=\"elementor-element elementor-element-6bf3103 e-con-full e-flex e-con e-child\" data-id=\"6bf3103\" data-element_type=\"container\" data-e-type=\"container\">\n\t\t<div class=\"elementor-element elementor-element-86062b8 e-con-full e-flex e-con e-child\" data-id=\"86062b8\" data-element_type=\"container\" data-e-type=\"container\">\n\t\t\t\t<div class=\"elementor-element elementor-element-96f4ccf elementor-widget-divider--view-line elementor-widget elementor-widget-divider\" data-id=\"96f4ccf\" data-element_type=\"widget\" data-e-type=\"widget\" data-widget_type=\"divider.default\">\n\t\t\t\t<div class=\"elementor-widget-container\">\n\t\t\t\t\t\t\t<div class=\"elementor-divider\">\n\t\t\t<span class=\"elementor-divider-separator\">\n\t\t\t\t\t\t<\/span>\n\t\t<\/div>\n\t\t\t\t\t\t<\/div>\n\t\t\t\t<\/div>\n\t\t\t\t<div class=\"elementor-element elementor-element-a85ed17 elementor-widget elementor-widget-heading\" data-id=\"a85ed17\" data-element_type=\"widget\" data-e-type=\"widget\" data-widget_type=\"heading.default\">\n\t\t\t\t<div class=\"elementor-widget-container\">\n\t\t\t\t\t<h3 class=\"elementor-heading-title elementor-size-default\">How DMPF Consulting s.r.o. Helps Foreigners?<\/h3>\t\t\t\t<\/div>\n\t\t\t\t<\/div>\n\t\t\t\t<div class=\"elementor-element elementor-element-bc66590 elementor-widget elementor-widget-text-editor\" data-id=\"bc66590\" data-element_type=\"widget\" data-e-type=\"widget\" data-widget_type=\"text-editor.default\">\n\t\t\t\t<div class=\"elementor-widget-container\">\n\t\t\t\t\t\t\t\t\t<p>Our company offers comprehensive services aimed at facilitating the adaptation of foreigners to life in the Czech Republic:<\/p><ul><li>Assistance with handling administrative tasks, such as registering with the Foreign Police or arranging health insurance.<\/li><li>Providing information about legal obligations and working conditions.<\/li><li>Support for employers in integrating their foreign employees.<\/li><li>Organizing workshops focused on cultural adaptation.<\/li><\/ul><p class=\"translation-block\"><strong>Conclusion<\/strong><br>Adapting to life in the Czech Republic is not always easy for foreigners, but with sufficient support and the right information, this journey can be significantly eased. If you are looking for professional assistance, DMPF Consulting s.r.o. is here to guide you through the entire process and help minimize the stress associated with adaptation.<\/p><p>Do you want to learn more? Contact us, and together we will find a solution tailored to your needs.<\/p>\t\t\t\t\t\t\t\t<\/div>\n\t\t\t\t<\/div>\n\t\t\t\t<div class=\"elementor-element elementor-element-83ca3d2 elementor-align-left elementor-tablet-align-center elementor-widget elementor-widget-button\" data-id=\"83ca3d2\" data-element_type=\"widget\" data-e-type=\"widget\" data-widget_type=\"button.default\">\n\t\t\t\t<div class=\"elementor-widget-container\">\n\t\t\t\t\t\t\t\t\t<div class=\"elementor-button-wrapper\">\n\t\t\t\t\t<a class=\"elementor-button elementor-button-link elementor-size-sm\" href=\"https:\/\/dmpf-consulting.cz\/en\/viza\/\">\n\t\t\t\t\t\t<span class=\"elementor-button-content-wrapper\">\n\t\t\t\t\t\t\t\t\t<span class=\"elementor-button-text\">How does the process work?<\/span>\n\t\t\t\t\t<\/span>\n\t\t\t\t\t<\/a>\n\t\t\t\t<\/div>\n\t\t\t\t\t\t\t\t<\/div>\n\t\t\t\t<\/div>\n\t\t\t\t<div class=\"elementor-element elementor-element-df8a6fc elementor-widget-divider--view-line elementor-widget elementor-widget-divider\" data-id=\"df8a6fc\" data-element_type=\"widget\" data-e-type=\"widget\" data-widget_type=\"divider.default\">\n\t\t\t\t<div class=\"elementor-widget-container\">\n\t\t\t\t\t\t\t<div class=\"elementor-divider\">\n\t\t\t<span class=\"elementor-divider-separator\">\n\t\t\t\t\t\t<\/span>\n\t\t<\/div>\n\t\t\t\t\t\t<\/div>\n\t\t\t\t<\/div>\n\t\t\t\t<\/div>\n\t\t\t\t<\/div>\n\t\t\t\t\t<\/div>\n\t\t\t\t<\/div>\n\t\t<div class=\"elementor-element elementor-element-542fb3b e-flex e-con-boxed e-con e-parent\" data-id=\"542fb3b\" data-element_type=\"container\" data-e-type=\"container\">\n\t\t\t\t\t<div class=\"e-con-inner\">\n\t\t<div class=\"elementor-element elementor-element-442e5ef e-con-full e-flex e-con e-child\" data-id=\"442e5ef\" data-element_type=\"container\" data-e-type=\"container\">\n\t\t\t\t<div class=\"elementor-element elementor-element-de0405e elementor-align-left elementor-tablet-align-center elementor-widget elementor-widget-button\" data-id=\"de0405e\" data-element_type=\"widget\" data-e-type=\"widget\" data-widget_type=\"button.default\">\n\t\t\t\t<div class=\"elementor-widget-container\">\n\t\t\t\t\t\t\t\t\t<div class=\"elementor-button-wrapper\">\n\t\t\t\t\t<a class=\"elementor-button elementor-button-link elementor-size-sm\" href=\"https:\/\/dmpf-consulting.cz\/en\/blog\/\">\n\t\t\t\t\t\t<span class=\"elementor-button-content-wrapper\">\n\t\t\t\t\t\t\t\t\t<span class=\"elementor-button-text\">Explore more<\/span>\n\t\t\t\t\t<\/span>\n\t\t\t\t\t<\/a>\n\t\t\t\t<\/div>\n\t\t\t\t\t\t\t\t<\/div>\n\t\t\t\t<\/div>\n\t\t\t\t<\/div>\n\t\t\t\t\t<\/div>\n\t\t\t\t<\/div>\n\t\t\t\t<section class=\"elementor-section elementor-top-section elementor-element elementor-element-24306d09 elementor-section-stretched elementor-section-boxed elementor-section-height-default elementor-section-height-default\" data-id=\"24306d09\" data-element_type=\"section\" data-e-type=\"section\" id=\"kontakt\" data-settings=\"{&quot;background_background&quot;:&quot;classic&quot;,&quot;stretch_section&quot;:&quot;section-stretched&quot;}\">\n\t\t\t\t\t\t<div class=\"elementor-container elementor-column-gap-wide\">\n\t\t\t\t\t<div class=\"elementor-column elementor-col-33 elementor-top-column elementor-element elementor-element-32565a25\" data-id=\"32565a25\" data-element_type=\"column\" data-e-type=\"column\">\n\t\t\t<div class=\"elementor-widget-wrap elementor-element-populated\">\n\t\t\t\t\t\t<div class=\"elementor-element elementor-element-4767a06f elementor-widget elementor-widget-heading\" data-id=\"4767a06f\" data-element_type=\"widget\" data-e-type=\"widget\" data-widget_type=\"heading.default\">\n\t\t\t\t<div class=\"elementor-widget-container\">\n\t\t\t\t\t<h2 class=\"elementor-heading-title elementor-size-default\">Contact<\/h2>\t\t\t\t<\/div>\n\t\t\t\t<\/div>\n\t\t\t\t<div class=\"elementor-element elementor-element-32c86441 elementor-widget elementor-widget-text-editor\" data-id=\"32c86441\" data-element_type=\"widget\" data-e-type=\"widget\" data-widget_type=\"text-editor.default\">\n\t\t\t\t<div class=\"elementor-widget-container\">\n\t\t\t\t\t\t\t\t\t<p class=\"translation-block\">Phone: +420 792 994 774<br>Phone: +420 739 952 546<br>Email: office@dmpf-consulting.cz<\/p>\t\t\t\t\t\t\t\t<\/div>\n\t\t\t\t<\/div>\n\t\t\t\t<div class=\"elementor-element elementor-element-28165675 elementor-shape-circle e-grid-align-left e-grid-align-tablet-center elementor-grid-0 elementor-widget elementor-widget-social-icons\" data-id=\"28165675\" data-element_type=\"widget\" data-e-type=\"widget\" data-widget_type=\"social-icons.default\">\n\t\t\t\t<div class=\"elementor-widget-container\">\n\t\t\t\t\t\t\t<div class=\"elementor-social-icons-wrapper elementor-grid\" role=\"list\">\n\t\t\t\t\t\t\t<span class=\"elementor-grid-item\" role=\"listitem\">\n\t\t\t\t\t<a class=\"elementor-icon elementor-social-icon elementor-social-icon-facebook elementor-repeater-item-5536674\" href=\"https:\/\/facebook.com\/dmpf.consulting\" target=\"_blank\" rel=\"noopener\">\n\t\t\t\t\t\t<span class=\"elementor-screen-only\">Facebook<\/span>\n\t\t\t\t\t\t<svg aria-hidden=\"true\" class=\"e-font-icon-svg e-fab-facebook\" viewbox=\"0 0 512 512\" xmlns=\"http:\/\/www.w3.org\/2000\/svg\"><path d=\"M504 256C504 119 393 8 256 8S8 119 8 256c0 123.78 90.69 226.38 209.25 245V327.69h-63V256h63v-54.64c0-62.15 37-96.48 93.67-96.48 27.14 0 55.52 4.84 55.52 4.84v61h-31.28c-30.8 0-40.41 19.12-40.41 38.73V256h68.78l-11 71.69h-57.78V501C413.31 482.38 504 379.78 504 256z\"><\/path><\/svg>\t\t\t\t\t<\/a>\n\t\t\t\t<\/span>\n\t\t\t\t\t\t\t<span class=\"elementor-grid-item\" role=\"listitem\">\n\t\t\t\t\t<a class=\"elementor-icon elementor-social-icon elementor-social-icon-instagram elementor-repeater-item-d613c1b\" href=\"https:\/\/instagram.com\/dmpf_consulting\" target=\"_blank\" rel=\"noopener\">\n\t\t\t\t\t\t<span class=\"elementor-screen-only\">Instagram<\/span>\n\t\t\t\t\t\t<svg aria-hidden=\"true\" class=\"e-font-icon-svg e-fab-instagram\" viewbox=\"0 0 448 512\" xmlns=\"http:\/\/www.w3.org\/2000\/svg\"><path d=\"M224.1 141c-63.6 0-114.9 51.3-114.9 114.9s51.3 114.9 114.9 114.9S339 319.5 339 255.9 287.7 141 224.1 141zm0 189.6c-41.1 0-74.7-33.5-74.7-74.7s33.5-74.7 74.7-74.7 74.7 33.5 74.7 74.7-33.6 74.7-74.7 74.7zm146.4-194.3c0 14.9-12 26.8-26.8 26.8-14.9 0-26.8-12-26.8-26.8s12-26.8 26.8-26.8 26.8 12 26.8 26.8zm76.1 27.2c-1.7-35.9-9.9-67.7-36.2-93.9-26.2-26.2-58-34.4-93.9-36.2-37-2.1-147.9-2.1-184.9 0-35.8 1.7-67.6 9.9-93.9 36.1s-34.4 58-36.2 93.9c-2.1 37-2.1 147.9 0 184.9 1.7 35.9 9.9 67.7 36.2 93.9s58 34.4 93.9 36.2c37 2.1 147.9 2.1 184.9 0 35.9-1.7 67.7-9.9 93.9-36.2 26.2-26.2 34.4-58 36.2-93.9 2.1-37 2.1-147.8 0-184.8zM398.8 388c-7.8 19.6-22.9 34.7-42.6 42.6-29.5 11.7-99.5 9-132.1 9s-102.7 2.6-132.1-9c-19.6-7.8-34.7-22.9-42.6-42.6-11.7-29.5-9-99.5-9-132.1s-2.6-102.7 9-132.1c7.8-19.6 22.9-34.7 42.6-42.6 29.5-11.7 99.5-9 132.1-9s102.7-2.6 132.1 9c19.6 7.8 34.7 22.9 42.6 42.6 11.7 29.5 9 99.5 9 132.1s2.7 102.7-9 132.1z\"><\/path><\/svg>\t\t\t\t\t<\/a>\n\t\t\t\t<\/span>\n\t\t\t\t\t\t\t<span class=\"elementor-grid-item\" role=\"listitem\">\n\t\t\t\t\t<a class=\"elementor-icon elementor-social-icon elementor-social-icon-google elementor-repeater-item-dd34967\" href=\"https:\/\/g.page\/r\/CUFMNehN3ZgmEBM\/review\" target=\"_blank\">\n\t\t\t\t\t\t<span class=\"elementor-screen-only\">Google<\/span>\n\t\t\t\t\t\t<svg aria-hidden=\"true\" class=\"e-font-icon-svg e-fab-google\" viewbox=\"0 0 488 512\" xmlns=\"http:\/\/www.w3.org\/2000\/svg\"><path d=\"M488 261.8C488 403.3 391.1 504 248 504 110.8 504 0 393.2 0 256S110.8 8 248 8c66.8 0 123 24.5 166.3 64.9l-67.5 64.9C258.5 52.6 94.3 116.6 94.3 256c0 86.5 69.1 156.6 153.7 156.6 98.2 0 135-70.4 140.8-106.9H248v-85.3h236.1c2.3 12.7 3.9 24.9 3.9 41.4z\"><\/path><\/svg>\t\t\t\t\t<\/a>\n\t\t\t\t<\/span>\n\t\t\t\t\t<\/div>\n\t\t\t\t\t\t<\/div>\n\t\t\t\t<\/div>\n\t\t\t\t\t<\/div>\n\t\t<\/div>\n\t\t\t\t<div class=\"elementor-column elementor-col-33 elementor-top-column elementor-element elementor-element-2841051f\" data-id=\"2841051f\" data-element_type=\"column\" data-e-type=\"column\">\n\t\t\t<div class=\"elementor-widget-wrap elementor-element-populated\">\n\t\t\t\t\t\t<div class=\"elementor-element elementor-element-6898d9bc elementor-widget elementor-widget-heading\" data-id=\"6898d9bc\" data-element_type=\"widget\" data-e-type=\"widget\" data-widget_type=\"heading.default\">\n\t\t\t\t<div class=\"elementor-widget-container\">\n\t\t\t\t\t<h2 class=\"elementor-heading-title elementor-size-default\">Brands<\/h2>\t\t\t\t<\/div>\n\t\t\t\t<\/div>\n\t\t\t\t<div class=\"elementor-element elementor-element-2edbc916 elementor-widget elementor-widget-text-editor\" data-id=\"2edbc916\" data-element_type=\"widget\" data-e-type=\"widget\" data-widget_type=\"text-editor.default\">\n\t\t\t\t<div class=\"elementor-widget-container\">\n\t\t\t\t\t\t\t\t\t<style>\n  \/* Z\u00e1kladn\u00ed styly pro odkazy *\/\n  .link-container {\n    font-size: 18px;\n    font-family: 'Poppins', serif;\n    color: #f5f5db;\n    display: flex;\n    flex-direction: column;\n    gap: 10px;\n  }\n\n  .link-container a {\n    text-decoration: none;\n    color: #f5f5db;\n  }\n\n  \/* Pro za\u0159\u00edzen\u00ed s v\u011bt\u0161\u00edmi obrazovkami (nap\u0159. po\u010d\u00edta\u010de) *\/\n  @media (min-width: 768px) {\n    .link-container {\n      align-items: flex-start; \/* Zarovn\u00e1 odkazy nalevo *\/\n    }\n  }\n\n  \/* Pro mobiln\u00ed za\u0159\u00edzen\u00ed a men\u0161\u00ed obrazovky *\/\n  @media (max-width: 767px) {\n    .link-container {\n      align-items: center; \/* Zarovn\u00e1 odkazy na st\u0159ed *\/\n    }\n  }\n<\/style>\n\n<div class=\"link-container\">\n  <a href=\"https:\/\/gombiclean.cz\" target=\"_blank\" rel=\"noopener\">GOMBICLEAN<\/a>\n  <a href=\"https:\/\/gombicon.eu\/\" target=\"_blank\" rel=\"noopener\">GOMBICON<\/a>\n<\/div>\n\t\t\t\t\t\t\t\t<\/div>\n\t\t\t\t<\/div>\n\t\t\t\t\t<\/div>\n\t\t<\/div>\n\t\t\t\t<div class=\"elementor-column elementor-col-33 elementor-top-column elementor-element elementor-element-3a117805\" data-id=\"3a117805\" data-element_type=\"column\" data-e-type=\"column\">\n\t\t\t<div class=\"elementor-widget-wrap elementor-element-populated\">\n\t\t\t\t\t\t<div class=\"elementor-element elementor-element-4eee944a elementor-widget elementor-widget-heading\" data-id=\"4eee944a\" data-element_type=\"widget\" data-e-type=\"widget\" data-widget_type=\"heading.default\">\n\t\t\t\t<div class=\"elementor-widget-container\">\n\t\t\t\t\t<h2 class=\"elementor-heading-title elementor-size-default\">About Us<\/h2>\t\t\t\t<\/div>\n\t\t\t\t<\/div>\n\t\t\t\t<div class=\"elementor-element elementor-element-44b66b60 elementor-widget elementor-widget-text-editor\" data-id=\"44b66b60\" data-element_type=\"widget\" data-e-type=\"widget\" data-widget_type=\"text-editor.default\">\n\t\t\t\t<div class=\"elementor-widget-container\">\n\t\t\t\t\t\t\t\t\t<p class=\"translation-block\">DMPF Consulting s.r.o.<br>Laudova 1003\/26, \u0158epy, 163 00 Prague<br>Company ID: 19765851<\/p>\n<p><br><br><\/p>\t\t\t\t\t\t\t\t<\/div>\n\t\t\t\t<\/div>\n\t\t\t\t\t<\/div>\n\t\t<\/div>\n\t\t\t\t\t<\/div>\n\t\t<\/section>\n\t\t\t\t<\/div>","protected":false},"excerpt":{"rendered":"<p>Publikov\u00e1no: 16. ledna 2025 | Autor: DMPF Consulting Adaptace cizinc\u016f v \u010cesku: Kl\u00ed\u010dov\u00e9 kroky k hladk\u00e9mu za\u010dlen\u011bn\u00ed Zaji\u0161t\u011bn\u00ed hladk\u00e9 adaptace cizinc\u016f v \u010cesk\u00e9 republice je [&hellip;]<\/p>\n","protected":false},"author":1,"featured_media":0,"parent":1073,"menu_order":0,"comment_status":"closed","ping_status":"closed","template":"page-templates\/page_fullwidth.php","meta":{"footnotes":""},"class_list":["post-1242","page","type-page","status-publish","hentry"],"_links":{"self":[{"href":"https:\/\/dmpf-consulting.cz\/en\/wp-json\/wp\/v2\/pages\/1242","targetHints":{"allow":["GET"]}}],"collection":[{"href":"https:\/\/dmpf-consulting.cz\/en\/wp-json\/wp\/v2\/pages"}],"about":[{"href":"https:\/\/dmpf-consulting.cz\/en\/wp-json\/wp\/v2\/types\/page"}],"author":[{"embeddable":true,"href":"https:\/\/dmpf-consulting.cz\/en\/wp-json\/wp\/v2\/users\/1"}],"replies":[{"embeddable":true,"href":"https:\/\/dmpf-consulting.cz\/en\/wp-json\/wp\/v2\/comments?post=1242"}],"version-history":[{"count":4,"href":"https:\/\/dmpf-consulting.cz\/en\/wp-json\/wp\/v2\/pages\/1242\/revisions"}],"predecessor-version":[{"id":1248,"href":"https:\/\/dmpf-consulting.cz\/en\/wp-json\/wp\/v2\/pages\/1242\/revisions\/1248"}],"up":[{"embeddable":true,"href":"https:\/\/dmpf-consulting.cz\/en\/wp-json\/wp\/v2\/pages\/1073"}],"wp:attachment":[{"href":"https:\/\/dmpf-consulting.cz\/en\/wp-json\/wp\/v2\/media?parent=1242"}],"curies":[{"name":"wp","href":"https:\/\/api.w.org\/{rel}","templated":true}]}}