{"id":1216,"date":"2025-01-09T00:24:06","date_gmt":"2025-01-09T00:24:06","guid":{"rendered":"https:\/\/dmpf-consulting.cz\/?page_id=1216"},"modified":"2025-01-09T00:41:05","modified_gmt":"2025-01-09T00:41:05","slug":"nejcastejsi-duvody-zamitnuti-kratkodobych-turistickych-viz-do-uk-pro-osoby-mimo-eu-s-ceskymi-vizy","status":"publish","type":"page","link":"https:\/\/dmpf-consulting.cz\/en\/blog\/nejcastejsi-duvody-zamitnuti-kratkodobych-turistickych-viz-do-uk-pro-osoby-mimo-eu-s-ceskymi-vizy\/","title":{"rendered":"The most common reasons for rejection of short-term tourist visas to the UK for individuals outside the EU holding Czech visas"},"content":{"rendered":"<div data-elementor-type=\"wp-page\" data-elementor-id=\"1216\" class=\"elementor elementor-1216\">\n\t\t\t\t<div class=\"elementor-element elementor-element-71ad083 e-flex e-con-boxed e-con e-parent\" data-id=\"71ad083\" data-element_type=\"container\" data-e-type=\"container\">\n\t\t\t\t\t<div class=\"e-con-inner\">\n\t\t<div class=\"elementor-element elementor-element-10a19ce e-con-full e-flex e-con e-child\" data-id=\"10a19ce\" data-element_type=\"container\" data-e-type=\"container\">\n\t\t\t\t<div class=\"elementor-element elementor-element-91a7cf2 elementor-widget elementor-widget-text-editor\" data-id=\"91a7cf2\" data-element_type=\"widget\" data-e-type=\"widget\" data-widget_type=\"text-editor.default\">\n\t\t\t\t<div class=\"elementor-widget-container\">\n\t\t\t\t\t\t\t\t\t<p><em>Published: January 9, 2025 | Author: DMPF Consulting<\/em><\/p>\t\t\t\t\t\t\t\t<\/div>\n\t\t\t\t<\/div>\n\t\t\t\t<\/div>\n\t\t\t\t\t<\/div>\n\t\t\t\t<\/div>\n\t\t<div class=\"elementor-element elementor-element-e1f3c4c e-flex e-con-boxed e-con e-parent\" data-id=\"e1f3c4c\" data-element_type=\"container\" data-e-type=\"container\">\n\t\t\t\t\t<div class=\"e-con-inner\">\n\t\t<div class=\"elementor-element elementor-element-0bc2630 e-con-full e-flex e-con e-child\" data-id=\"0bc2630\" data-element_type=\"container\" data-e-type=\"container\">\n\t\t\t\t<div class=\"elementor-element elementor-element-c5d5134 elementor-widget elementor-widget-heading\" data-id=\"c5d5134\" data-element_type=\"widget\" data-e-type=\"widget\" data-widget_type=\"heading.default\">\n\t\t\t\t<div class=\"elementor-widget-container\">\n\t\t\t\t\t<h1 class=\"elementor-heading-title elementor-size-default\">The most common reasons for rejection of short-term tourist visas to the UK for individuals outside the EU holding Czech visas<\/h1>\t\t\t\t<\/div>\n\t\t\t\t<\/div>\n\t\t\t\t<div class=\"elementor-element elementor-element-54024b3 elementor-widget elementor-widget-heading\" data-id=\"54024b3\" data-element_type=\"widget\" data-e-type=\"widget\" data-widget_type=\"heading.default\">\n\t\t\t\t<div class=\"elementor-widget-container\">\n\t\t\t\t\t<h3 class=\"elementor-heading-title elementor-size-default\">Applying for visas to the UK for clients with Czech visas is not always a simple process, and success cannot be guaranteed 100%.<\/h3>\t\t\t\t<\/div>\n\t\t\t\t<\/div>\n\t\t\t\t<div class=\"elementor-element elementor-element-5e9caf9 elementor-widget elementor-widget-heading\" data-id=\"5e9caf9\" data-element_type=\"widget\" data-e-type=\"widget\" data-widget_type=\"heading.default\">\n\t\t\t\t<div class=\"elementor-widget-container\">\n\t\t\t\t\t<h5 class=\"elementor-heading-title elementor-size-default\">Based on our experience, we know that careful preparation is key to minimizing the risk of rejection. However, there may be situations where the application is denied. In this article, we summarize the most common reasons for visa rejection and how to avoid them.<\/h5>\t\t\t\t<\/div>\n\t\t\t\t<\/div>\n\t\t\t\t<div class=\"elementor-element elementor-element-ef566bc elementor-widget-divider--view-line elementor-widget elementor-widget-divider\" data-id=\"ef566bc\" data-element_type=\"widget\" data-e-type=\"widget\" data-widget_type=\"divider.default\">\n\t\t\t\t<div class=\"elementor-widget-container\">\n\t\t\t\t\t\t\t<div class=\"elementor-divider\">\n\t\t\t<span class=\"elementor-divider-separator\">\n\t\t\t\t\t\t<\/span>\n\t\t<\/div>\n\t\t\t\t\t\t<\/div>\n\t\t\t\t<\/div>\n\t\t\t\t<\/div>\n\t\t\t\t\t<\/div>\n\t\t\t\t<\/div>\n\t\t<div class=\"elementor-element elementor-element-ead70d7 e-con-full e-flex e-con e-parent\" data-id=\"ead70d7\" data-element_type=\"container\" data-e-type=\"container\">\n\t\t<div class=\"elementor-element elementor-element-9fd7633 e-con-full e-flex e-con e-child\" data-id=\"9fd7633\" data-element_type=\"container\" data-e-type=\"container\">\n\t\t\t\t<div class=\"elementor-element elementor-element-d7e1e34 elementor-widget__width-initial elementor-widget-mobile__width-initial elementor-widget elementor-widget-text-editor\" data-id=\"d7e1e34\" data-element_type=\"widget\" data-e-type=\"widget\" data-widget_type=\"text-editor.default\">\n\t\t\t\t<div class=\"elementor-widget-container\">\n\t\t\t\t\t\t\t\t\t<p><strong>Common reasons for visa rejection:<\/strong><\/p><ol><li class=\"translation-block\"><strong>Unemployment of the Applicant<\/strong>\nIf the applicant does not have stable employment or another clear source of income, the authorities may consider their return ties (obligations in the home country) to be insufficient.<\/li><li class=\"translation-block\"><strong>Suspicion of Staying Longer in the UK<\/strong>\nThe authorities are concerned that the applicant may overstay the permitted duration of stay or remain in the country illegally. Insufficient evidence of ties to the home country, such as employment, family, or studies, increases this risk.<\/li><li class=\"translation-block\"><strong>Insufficient Financial Means<\/strong>\nFailing to demonstrate sufficient funds to cover the costs of travel and stay in the UK is a common reason for rejection. Authorities want to ensure that the applicant can afford their expenses without resorting to illegal work.<\/li><li class=\"translation-block\"><strong>Unclear Travel History<\/strong>\nIf the applicant does not have a travel history or has had issues in the past with adhering to visa regulations (e.g., overstaying in another country), it may raise suspicion.<\/li><li class=\"translation-block\"><strong>Lack of Credibility of the Applicant<\/strong>\nIf the information in the application is incomplete, inconsistent, or false, the application may be denied.<\/li><li class=\"translation-block\"><strong>Missing or Incorrect Documents<\/strong>\nFailure to provide all the required documents, such as proof of employment, bank account statements, or accommodation reservations, can result in the application being denied.<\/li><li class=\"translation-block\"><strong>Insufficient Purpose of the Trip<\/strong>\nIf the applicant cannot sufficiently prove and explain the purpose of their visit (e.g., vacation, visiting family), the authorities may deny the application.<\/li><li class=\"translation-block\"><strong>Previous Violation of Visa Conditions<\/strong>\nIf the applicant was previously denied entry or violated immigration conditions in another country, the UK authorities may take this into consideration.<\/li><\/ol>\t\t\t\t\t\t\t\t<\/div>\n\t\t\t\t<\/div>\n\t\t<div class=\"elementor-element elementor-element-ee02bf6 e-con-full e-flex e-con e-child\" data-id=\"ee02bf6\" data-element_type=\"container\" data-e-type=\"container\">\n\t\t\t\t<div class=\"elementor-element elementor-element-337fb23 elementor-widget elementor-widget-image\" data-id=\"337fb23\" data-element_type=\"widget\" data-e-type=\"widget\" data-widget_type=\"image.default\">\n\t\t\t\t<div class=\"elementor-widget-container\">\n\t\t\t\t\t\t\t\t\t\t\t\t\t\t\t<img fetchpriority=\"high\" decoding=\"async\" width=\"683\" height=\"1024\" src=\"https:\/\/dmpf-consulting.cz\/wp-content\/uploads\/2025\/01\/view-big-ben-with-blue-sky_268835-1320-683x1024.jpg\" class=\"attachment-large size-large wp-image-1220\" alt=\"\" srcset=\"https:\/\/dmpf-consulting.cz\/wp-content\/uploads\/2025\/01\/view-big-ben-with-blue-sky_268835-1320-683x1024.jpg 683w, https:\/\/dmpf-consulting.cz\/wp-content\/uploads\/2025\/01\/view-big-ben-with-blue-sky_268835-1320-200x300.jpg 200w, https:\/\/dmpf-consulting.cz\/wp-content\/uploads\/2025\/01\/view-big-ben-with-blue-sky_268835-1320-8x12.jpg 8w, https:\/\/dmpf-consulting.cz\/wp-content\/uploads\/2025\/01\/view-big-ben-with-blue-sky_268835-1320-230x345.jpg 230w, https:\/\/dmpf-consulting.cz\/wp-content\/uploads\/2025\/01\/view-big-ben-with-blue-sky_268835-1320-350x525.jpg 350w, https:\/\/dmpf-consulting.cz\/wp-content\/uploads\/2025\/01\/view-big-ben-with-blue-sky_268835-1320-480x720.jpg 480w, https:\/\/dmpf-consulting.cz\/wp-content\/uploads\/2025\/01\/view-big-ben-with-blue-sky_268835-1320.jpg 740w\" sizes=\"(max-width: 683px) 100vw, 683px\" \/>\t\t\t\t\t\t\t\t\t\t\t\t\t\t\t<\/div>\n\t\t\t\t<\/div>\n\t\t\t\t<\/div>\n\t\t\t\t<div class=\"elementor-element elementor-element-4ce9c1b elementor-widget-divider--view-line elementor-widget elementor-widget-divider\" data-id=\"4ce9c1b\" data-element_type=\"widget\" data-e-type=\"widget\" data-widget_type=\"divider.default\">\n\t\t\t\t<div class=\"elementor-widget-container\">\n\t\t\t\t\t\t\t<div class=\"elementor-divider\">\n\t\t\t<span class=\"elementor-divider-separator\">\n\t\t\t\t\t\t<\/span>\n\t\t<\/div>\n\t\t\t\t\t\t<\/div>\n\t\t\t\t<\/div>\n\t\t\t\t<\/div>\n\t\t\t\t<\/div>\n\t\t<div class=\"elementor-element elementor-element-ca53dbe e-flex e-con-boxed e-con e-parent\" data-id=\"ca53dbe\" data-element_type=\"container\" data-e-type=\"container\">\n\t\t\t\t\t<div class=\"e-con-inner\">\n\t\t<div class=\"elementor-element elementor-element-cd8fda5 e-con-full e-flex e-con e-child\" data-id=\"cd8fda5\" data-element_type=\"container\" data-e-type=\"container\">\n\t\t\t\t<div class=\"elementor-element elementor-element-0029fdc elementor-widget-divider--view-line elementor-widget elementor-widget-divider\" data-id=\"0029fdc\" data-element_type=\"widget\" data-e-type=\"widget\" data-widget_type=\"divider.default\">\n\t\t\t\t<div class=\"elementor-widget-container\">\n\t\t\t\t\t\t\t<div class=\"elementor-divider\">\n\t\t\t<span class=\"elementor-divider-separator\">\n\t\t\t\t\t\t<\/span>\n\t\t<\/div>\n\t\t\t\t\t\t<\/div>\n\t\t\t\t<\/div>\n\t\t\t\t<div class=\"elementor-element elementor-element-b2a48af elementor-widget elementor-widget-heading\" data-id=\"b2a48af\" data-element_type=\"widget\" data-e-type=\"widget\" data-widget_type=\"heading.default\">\n\t\t\t\t<div class=\"elementor-widget-container\">\n\t\t\t\t\t<h3 class=\"elementor-heading-title elementor-size-default\">How to avoid these issues?<\/h3>\t\t\t\t<\/div>\n\t\t\t\t<\/div>\n\t\t\t\t<div class=\"elementor-element elementor-element-bc3b661 elementor-widget elementor-widget-text-editor\" data-id=\"bc3b661\" data-element_type=\"widget\" data-e-type=\"widget\" data-widget_type=\"text-editor.default\">\n\t\t\t\t<div class=\"elementor-widget-container\">\n\t\t\t\t\t\t\t\t\t<p class=\"translation-block\">The key to success is careful preparation and consultation with an expert who will guide you through the entire process. At DMPF Consulting, we analyze each application individually and point out potential issues before submission.<\/p><p>What can we do for you:<\/p><ul><li>We will help you prepare all the necessary documents.<\/li><li>We will check if you meet the financial requirements.<\/li><li>We will advise you on how to best formulate the purpose of your trip.<\/li><li>We will alert you to the risks associated with your travel history and suggest solutions.<\/li><li>We will explain what steps to take if your application is denied.<\/li><\/ul><p>Visas to the UK don\u2019t have to be out of reach \u2013 you just need the right information and expert guidance. If you are interested in a consultation, feel free to contact us. Together, we will ensure that your chances of success are as high as possible.<\/p>\t\t\t\t\t\t\t\t<\/div>\n\t\t\t\t<\/div>\n\t\t\t\t<div class=\"elementor-element elementor-element-b2efbde elementor-align-left elementor-tablet-align-center elementor-widget elementor-widget-button\" data-id=\"b2efbde\" data-element_type=\"widget\" data-e-type=\"widget\" data-widget_type=\"button.default\">\n\t\t\t\t<div class=\"elementor-widget-container\">\n\t\t\t\t\t\t\t\t\t<div class=\"elementor-button-wrapper\">\n\t\t\t\t\t<a class=\"elementor-button elementor-button-link elementor-size-sm\" href=\"https:\/\/dmpf-consulting.cz\/en\/viza\/\">\n\t\t\t\t\t\t<span class=\"elementor-button-content-wrapper\">\n\t\t\t\t\t\t\t\t\t<span class=\"elementor-button-text\">How does the process work?<\/span>\n\t\t\t\t\t<\/span>\n\t\t\t\t\t<\/a>\n\t\t\t\t<\/div>\n\t\t\t\t\t\t\t\t<\/div>\n\t\t\t\t<\/div>\n\t\t\t\t<div class=\"elementor-element elementor-element-8be4b98 elementor-widget-divider--view-line elementor-widget elementor-widget-divider\" data-id=\"8be4b98\" data-element_type=\"widget\" data-e-type=\"widget\" data-widget_type=\"divider.default\">\n\t\t\t\t<div class=\"elementor-widget-container\">\n\t\t\t\t\t\t\t<div class=\"elementor-divider\">\n\t\t\t<span class=\"elementor-divider-separator\">\n\t\t\t\t\t\t<\/span>\n\t\t<\/div>\n\t\t\t\t\t\t<\/div>\n\t\t\t\t<\/div>\n\t\t\t\t<\/div>\n\t\t\t\t\t<\/div>\n\t\t\t\t<\/div>\n\t\t<div class=\"elementor-element elementor-element-1933ca8 e-flex e-con-boxed e-con e-parent\" data-id=\"1933ca8\" data-element_type=\"container\" data-e-type=\"container\">\n\t\t\t\t\t<div class=\"e-con-inner\">\n\t\t\t\t<div class=\"elementor-element elementor-element-44c6fc2 elementor-align-left elementor-tablet-align-center elementor-widget elementor-widget-button\" data-id=\"44c6fc2\" data-element_type=\"widget\" data-e-type=\"widget\" data-widget_type=\"button.default\">\n\t\t\t\t<div class=\"elementor-widget-container\">\n\t\t\t\t\t\t\t\t\t<div class=\"elementor-button-wrapper\">\n\t\t\t\t\t<a class=\"elementor-button elementor-button-link elementor-size-sm\" href=\"https:\/\/dmpf-consulting.cz\/en\/blog\/\">\n\t\t\t\t\t\t<span class=\"elementor-button-content-wrapper\">\n\t\t\t\t\t\t\t\t\t<span class=\"elementor-button-text\">Explore more<\/span>\n\t\t\t\t\t<\/span>\n\t\t\t\t\t<\/a>\n\t\t\t\t<\/div>\n\t\t\t\t\t\t\t\t<\/div>\n\t\t\t\t<\/div>\n\t\t\t\t\t<\/div>\n\t\t\t\t<\/div>\n\t\t\t\t<section class=\"elementor-section elementor-top-section elementor-element elementor-element-126b9b83 elementor-section-stretched elementor-section-boxed elementor-section-height-default elementor-section-height-default\" data-id=\"126b9b83\" data-element_type=\"section\" data-e-type=\"section\" id=\"kontakt\" data-settings=\"{&quot;background_background&quot;:&quot;classic&quot;,&quot;stretch_section&quot;:&quot;section-stretched&quot;}\">\n\t\t\t\t\t\t<div class=\"elementor-container elementor-column-gap-wide\">\n\t\t\t\t\t<div class=\"elementor-column elementor-col-33 elementor-top-column elementor-element elementor-element-58efe8e9\" data-id=\"58efe8e9\" data-element_type=\"column\" data-e-type=\"column\">\n\t\t\t<div class=\"elementor-widget-wrap elementor-element-populated\">\n\t\t\t\t\t\t<div class=\"elementor-element elementor-element-71c20daa elementor-widget elementor-widget-heading\" data-id=\"71c20daa\" data-element_type=\"widget\" data-e-type=\"widget\" data-widget_type=\"heading.default\">\n\t\t\t\t<div class=\"elementor-widget-container\">\n\t\t\t\t\t<h2 class=\"elementor-heading-title elementor-size-default\">Contact<\/h2>\t\t\t\t<\/div>\n\t\t\t\t<\/div>\n\t\t\t\t<div class=\"elementor-element elementor-element-1324be11 elementor-widget elementor-widget-text-editor\" data-id=\"1324be11\" data-element_type=\"widget\" data-e-type=\"widget\" data-widget_type=\"text-editor.default\">\n\t\t\t\t<div class=\"elementor-widget-container\">\n\t\t\t\t\t\t\t\t\t<p class=\"translation-block\">Phone: +420 792 994 774<br>Phone: +420 739 952 546<br>Email: office@dmpf-consulting.cz<\/p>\t\t\t\t\t\t\t\t<\/div>\n\t\t\t\t<\/div>\n\t\t\t\t<div class=\"elementor-element elementor-element-6f949294 elementor-shape-circle e-grid-align-left e-grid-align-tablet-center elementor-grid-0 elementor-widget elementor-widget-social-icons\" data-id=\"6f949294\" data-element_type=\"widget\" data-e-type=\"widget\" data-widget_type=\"social-icons.default\">\n\t\t\t\t<div class=\"elementor-widget-container\">\n\t\t\t\t\t\t\t<div class=\"elementor-social-icons-wrapper elementor-grid\" role=\"list\">\n\t\t\t\t\t\t\t<span class=\"elementor-grid-item\" role=\"listitem\">\n\t\t\t\t\t<a class=\"elementor-icon elementor-social-icon elementor-social-icon-facebook elementor-repeater-item-5536674\" href=\"https:\/\/facebook.com\/dmpf.consulting\" target=\"_blank\" rel=\"noopener\">\n\t\t\t\t\t\t<span class=\"elementor-screen-only\">Facebook<\/span>\n\t\t\t\t\t\t<svg aria-hidden=\"true\" class=\"e-font-icon-svg e-fab-facebook\" viewbox=\"0 0 512 512\" xmlns=\"http:\/\/www.w3.org\/2000\/svg\"><path d=\"M504 256C504 119 393 8 256 8S8 119 8 256c0 123.78 90.69 226.38 209.25 245V327.69h-63V256h63v-54.64c0-62.15 37-96.48 93.67-96.48 27.14 0 55.52 4.84 55.52 4.84v61h-31.28c-30.8 0-40.41 19.12-40.41 38.73V256h68.78l-11 71.69h-57.78V501C413.31 482.38 504 379.78 504 256z\"><\/path><\/svg>\t\t\t\t\t<\/a>\n\t\t\t\t<\/span>\n\t\t\t\t\t\t\t<span class=\"elementor-grid-item\" role=\"listitem\">\n\t\t\t\t\t<a class=\"elementor-icon elementor-social-icon elementor-social-icon-instagram elementor-repeater-item-d613c1b\" href=\"https:\/\/instagram.com\/dmpf_consulting\" target=\"_blank\" rel=\"noopener\">\n\t\t\t\t\t\t<span class=\"elementor-screen-only\">Instagram<\/span>\n\t\t\t\t\t\t<svg aria-hidden=\"true\" class=\"e-font-icon-svg e-fab-instagram\" viewbox=\"0 0 448 512\" xmlns=\"http:\/\/www.w3.org\/2000\/svg\"><path d=\"M224.1 141c-63.6 0-114.9 51.3-114.9 114.9s51.3 114.9 114.9 114.9S339 319.5 339 255.9 287.7 141 224.1 141zm0 189.6c-41.1 0-74.7-33.5-74.7-74.7s33.5-74.7 74.7-74.7 74.7 33.5 74.7 74.7-33.6 74.7-74.7 74.7zm146.4-194.3c0 14.9-12 26.8-26.8 26.8-14.9 0-26.8-12-26.8-26.8s12-26.8 26.8-26.8 26.8 12 26.8 26.8zm76.1 27.2c-1.7-35.9-9.9-67.7-36.2-93.9-26.2-26.2-58-34.4-93.9-36.2-37-2.1-147.9-2.1-184.9 0-35.8 1.7-67.6 9.9-93.9 36.1s-34.4 58-36.2 93.9c-2.1 37-2.1 147.9 0 184.9 1.7 35.9 9.9 67.7 36.2 93.9s58 34.4 93.9 36.2c37 2.1 147.9 2.1 184.9 0 35.9-1.7 67.7-9.9 93.9-36.2 26.2-26.2 34.4-58 36.2-93.9 2.1-37 2.1-147.8 0-184.8zM398.8 388c-7.8 19.6-22.9 34.7-42.6 42.6-29.5 11.7-99.5 9-132.1 9s-102.7 2.6-132.1-9c-19.6-7.8-34.7-22.9-42.6-42.6-11.7-29.5-9-99.5-9-132.1s-2.6-102.7 9-132.1c7.8-19.6 22.9-34.7 42.6-42.6 29.5-11.7 99.5-9 132.1-9s102.7-2.6 132.1 9c19.6 7.8 34.7 22.9 42.6 42.6 11.7 29.5 9 99.5 9 132.1s2.7 102.7-9 132.1z\"><\/path><\/svg>\t\t\t\t\t<\/a>\n\t\t\t\t<\/span>\n\t\t\t\t\t\t\t<span class=\"elementor-grid-item\" role=\"listitem\">\n\t\t\t\t\t<a class=\"elementor-icon elementor-social-icon elementor-social-icon-google elementor-repeater-item-dd34967\" href=\"https:\/\/g.page\/r\/CUFMNehN3ZgmEBM\/review\" target=\"_blank\">\n\t\t\t\t\t\t<span class=\"elementor-screen-only\">Google<\/span>\n\t\t\t\t\t\t<svg aria-hidden=\"true\" class=\"e-font-icon-svg e-fab-google\" viewbox=\"0 0 488 512\" xmlns=\"http:\/\/www.w3.org\/2000\/svg\"><path d=\"M488 261.8C488 403.3 391.1 504 248 504 110.8 504 0 393.2 0 256S110.8 8 248 8c66.8 0 123 24.5 166.3 64.9l-67.5 64.9C258.5 52.6 94.3 116.6 94.3 256c0 86.5 69.1 156.6 153.7 156.6 98.2 0 135-70.4 140.8-106.9H248v-85.3h236.1c2.3 12.7 3.9 24.9 3.9 41.4z\"><\/path><\/svg>\t\t\t\t\t<\/a>\n\t\t\t\t<\/span>\n\t\t\t\t\t<\/div>\n\t\t\t\t\t\t<\/div>\n\t\t\t\t<\/div>\n\t\t\t\t\t<\/div>\n\t\t<\/div>\n\t\t\t\t<div class=\"elementor-column elementor-col-33 elementor-top-column elementor-element elementor-element-357b32ee\" data-id=\"357b32ee\" data-element_type=\"column\" data-e-type=\"column\">\n\t\t\t<div class=\"elementor-widget-wrap elementor-element-populated\">\n\t\t\t\t\t\t<div class=\"elementor-element elementor-element-4cebd1a7 elementor-widget elementor-widget-heading\" data-id=\"4cebd1a7\" data-element_type=\"widget\" data-e-type=\"widget\" data-widget_type=\"heading.default\">\n\t\t\t\t<div class=\"elementor-widget-container\">\n\t\t\t\t\t<h2 class=\"elementor-heading-title elementor-size-default\">Brands<\/h2>\t\t\t\t<\/div>\n\t\t\t\t<\/div>\n\t\t\t\t<div class=\"elementor-element elementor-element-3aa80d9d elementor-widget elementor-widget-text-editor\" data-id=\"3aa80d9d\" data-element_type=\"widget\" data-e-type=\"widget\" data-widget_type=\"text-editor.default\">\n\t\t\t\t<div class=\"elementor-widget-container\">\n\t\t\t\t\t\t\t\t\t<style>\n  \/* Z\u00e1kladn\u00ed styly pro odkazy *\/\n  .link-container {\n    font-size: 18px;\n    font-family: 'Poppins', serif;\n    color: #f5f5db;\n    display: flex;\n    flex-direction: column;\n    gap: 10px;\n  }\n\n  .link-container a {\n    text-decoration: none;\n    color: #f5f5db;\n  }\n\n  \/* Pro za\u0159\u00edzen\u00ed s v\u011bt\u0161\u00edmi obrazovkami (nap\u0159. po\u010d\u00edta\u010de) *\/\n  @media (min-width: 768px) {\n    .link-container {\n      align-items: flex-start; \/* Zarovn\u00e1 odkazy nalevo *\/\n    }\n  }\n\n  \/* Pro mobiln\u00ed za\u0159\u00edzen\u00ed a men\u0161\u00ed obrazovky *\/\n  @media (max-width: 767px) {\n    .link-container {\n      align-items: center; \/* Zarovn\u00e1 odkazy na st\u0159ed *\/\n    }\n  }\n<\/style>\n\n<div class=\"link-container\">\n  <a href=\"https:\/\/gombiclean.cz\" target=\"_blank\" rel=\"noopener\">GOMBICLEAN<\/a>\n  <a href=\"https:\/\/gombicon.eu\/\" target=\"_blank\" rel=\"noopener\">GOMBICON<\/a>\n<\/div>\n\t\t\t\t\t\t\t\t<\/div>\n\t\t\t\t<\/div>\n\t\t\t\t\t<\/div>\n\t\t<\/div>\n\t\t\t\t<div class=\"elementor-column elementor-col-33 elementor-top-column elementor-element elementor-element-1a4352\" data-id=\"1a4352\" data-element_type=\"column\" data-e-type=\"column\">\n\t\t\t<div class=\"elementor-widget-wrap elementor-element-populated\">\n\t\t\t\t\t\t<div class=\"elementor-element elementor-element-3d055884 elementor-widget elementor-widget-heading\" data-id=\"3d055884\" data-element_type=\"widget\" data-e-type=\"widget\" data-widget_type=\"heading.default\">\n\t\t\t\t<div class=\"elementor-widget-container\">\n\t\t\t\t\t<h2 class=\"elementor-heading-title elementor-size-default\">About Us<\/h2>\t\t\t\t<\/div>\n\t\t\t\t<\/div>\n\t\t\t\t<div class=\"elementor-element elementor-element-49f2e57a elementor-widget elementor-widget-text-editor\" data-id=\"49f2e57a\" data-element_type=\"widget\" data-e-type=\"widget\" data-widget_type=\"text-editor.default\">\n\t\t\t\t<div class=\"elementor-widget-container\">\n\t\t\t\t\t\t\t\t\t<p class=\"translation-block\">DMPF Consulting s.r.o.<br>Laudova 1003\/26, \u0158epy, 163 00 Prague<br>Company ID: 19765851<\/p>\n<p><br><br><\/p>\t\t\t\t\t\t\t\t<\/div>\n\t\t\t\t<\/div>\n\t\t\t\t\t<\/div>\n\t\t<\/div>\n\t\t\t\t\t<\/div>\n\t\t<\/section>\n\t\t\t\t<\/div>","protected":false},"excerpt":{"rendered":"<p>Publikov\u00e1no: 9. ledna 2025 | Autor: DMPF Consulting Nej\u010dast\u011bj\u0161\u00ed d\u016fvody zam\u00edtnut\u00ed kr\u00e1tkodob\u00fdch turistick\u00fdch v\u00edz do UK pro osoby mimo EU s \u010desk\u00fdmi v\u00edzy Vybaven\u00ed v\u00edz [&hellip;]<\/p>\n","protected":false},"author":1,"featured_media":0,"parent":1073,"menu_order":0,"comment_status":"closed","ping_status":"closed","template":"page-templates\/page_fullwidth.php","meta":{"footnotes":""},"class_list":["post-1216","page","type-page","status-publish","hentry"],"_links":{"self":[{"href":"https:\/\/dmpf-consulting.cz\/en\/wp-json\/wp\/v2\/pages\/1216","targetHints":{"allow":["GET"]}}],"collection":[{"href":"https:\/\/dmpf-consulting.cz\/en\/wp-json\/wp\/v2\/pages"}],"about":[{"href":"https:\/\/dmpf-consulting.cz\/en\/wp-json\/wp\/v2\/types\/page"}],"author":[{"embeddable":true,"href":"https:\/\/dmpf-consulting.cz\/en\/wp-json\/wp\/v2\/users\/1"}],"replies":[{"embeddable":true,"href":"https:\/\/dmpf-consulting.cz\/en\/wp-json\/wp\/v2\/comments?post=1216"}],"version-history":[{"count":5,"href":"https:\/\/dmpf-consulting.cz\/en\/wp-json\/wp\/v2\/pages\/1216\/revisions"}],"predecessor-version":[{"id":1234,"href":"https:\/\/dmpf-consulting.cz\/en\/wp-json\/wp\/v2\/pages\/1216\/revisions\/1234"}],"up":[{"embeddable":true,"href":"https:\/\/dmpf-consulting.cz\/en\/wp-json\/wp\/v2\/pages\/1073"}],"wp:attachment":[{"href":"https:\/\/dmpf-consulting.cz\/en\/wp-json\/wp\/v2\/media?parent=1216"}],"curies":[{"name":"wp","href":"https:\/\/api.w.org\/{rel}","templated":true}]}}