{"id":1183,"date":"2025-01-01T21:11:09","date_gmt":"2025-01-01T21:11:09","guid":{"rendered":"https:\/\/dmpf-consulting.cz\/?page_id=1183"},"modified":"2025-01-01T21:29:52","modified_gmt":"2025-01-01T21:29:52","slug":"jake-obory-v-cr-nejvice-potrebuji-zahranicni-pracovniky","status":"publish","type":"page","link":"https:\/\/dmpf-consulting.cz\/en\/blog\/jake-obory-v-cr-nejvice-potrebuji-zahranicni-pracovniky\/","title":{"rendered":"Which industries in the Czech Republic need foreign workers the most?"},"content":{"rendered":"<div data-elementor-type=\"wp-page\" data-elementor-id=\"1183\" class=\"elementor elementor-1183\">\n\t\t\t\t<div class=\"elementor-element elementor-element-c9f2b2a e-flex e-con-boxed e-con e-parent\" data-id=\"c9f2b2a\" data-element_type=\"container\" data-e-type=\"container\">\n\t\t\t\t\t<div class=\"e-con-inner\">\n\t\t\t\t<div class=\"elementor-element elementor-element-a9c20df elementor-widget elementor-widget-text-editor\" data-id=\"a9c20df\" data-element_type=\"widget\" data-e-type=\"widget\" data-widget_type=\"text-editor.default\">\n\t\t\t\t<div class=\"elementor-widget-container\">\n\t\t\t\t\t\t\t\t\t<p><em>Published: January 2, 2025 | Author: DMPF Consulting<\/em><\/p>\t\t\t\t\t\t\t\t<\/div>\n\t\t\t\t<\/div>\n\t\t\t\t\t<\/div>\n\t\t\t\t<\/div>\n\t\t<div class=\"elementor-element elementor-element-14cd4d1 e-flex e-con-boxed e-con e-parent\" data-id=\"14cd4d1\" data-element_type=\"container\" data-e-type=\"container\">\n\t\t\t\t\t<div class=\"e-con-inner\">\n\t\t<div class=\"elementor-element elementor-element-9cf5c8a e-con-full e-flex e-con e-child\" data-id=\"9cf5c8a\" data-element_type=\"container\" data-e-type=\"container\">\n\t\t\t\t<div class=\"elementor-element elementor-element-e6003b4 elementor-widget elementor-widget-heading\" data-id=\"e6003b4\" data-element_type=\"widget\" data-e-type=\"widget\" data-widget_type=\"heading.default\">\n\t\t\t\t<div class=\"elementor-widget-container\">\n\t\t\t\t\t<h1 class=\"elementor-heading-title elementor-size-default\">Which industries in the Czech Republic need foreign workers the most?<\/h1>\t\t\t\t<\/div>\n\t\t\t\t<\/div>\n\t\t\t\t<div class=\"elementor-element elementor-element-6d78522 elementor-widget elementor-widget-heading\" data-id=\"6d78522\" data-element_type=\"widget\" data-e-type=\"widget\" data-widget_type=\"heading.default\">\n\t\t\t\t<div class=\"elementor-widget-container\">\n\t\t\t\t\t<h3 class=\"elementor-heading-title elementor-size-default\">The Czech labor market has long struggled with a shortage of both skilled and unskilled workers. <\/h3>\t\t\t\t<\/div>\n\t\t\t\t<\/div>\n\t\t\t\t<div class=\"elementor-element elementor-element-10803b3 elementor-widget elementor-widget-heading\" data-id=\"10803b3\" data-element_type=\"widget\" data-e-type=\"widget\" data-widget_type=\"heading.default\">\n\t\t\t\t<div class=\"elementor-widget-container\">\n\t\t\t\t\t<h5 class=\"elementor-heading-title elementor-size-default\">Companies across industries are increasingly looking for help beyond borders to keep their operations running and continue growing. Foreign workers have thus become a key pillar of the Czech economy. But which industries need them the most? And what motivates Czech companies to hire workers from other countries?<\/h5>\t\t\t\t<\/div>\n\t\t\t\t<\/div>\n\t\t\t\t<div class=\"elementor-element elementor-element-99dba3c elementor-widget-divider--view-line elementor-widget elementor-widget-divider\" data-id=\"99dba3c\" data-element_type=\"widget\" data-e-type=\"widget\" data-widget_type=\"divider.default\">\n\t\t\t\t<div class=\"elementor-widget-container\">\n\t\t\t\t\t\t\t<div class=\"elementor-divider\">\n\t\t\t<span class=\"elementor-divider-separator\">\n\t\t\t\t\t\t<\/span>\n\t\t<\/div>\n\t\t\t\t\t\t<\/div>\n\t\t\t\t<\/div>\n\t\t\t\t<\/div>\n\t\t\t\t\t<\/div>\n\t\t\t\t<\/div>\n\t\t<div class=\"elementor-element elementor-element-3c92328 e-flex e-con-boxed e-con e-parent\" data-id=\"3c92328\" data-element_type=\"container\" data-e-type=\"container\">\n\t\t\t\t\t<div class=\"e-con-inner\">\n\t\t<div class=\"elementor-element elementor-element-0314e62 e-con-full e-flex e-con e-child\" data-id=\"0314e62\" data-element_type=\"container\" data-e-type=\"container\">\n\t\t\t\t<div class=\"elementor-element elementor-element-c81aacd elementor-widget elementor-widget-heading\" data-id=\"c81aacd\" data-element_type=\"widget\" data-e-type=\"widget\" data-widget_type=\"heading.default\">\n\t\t\t\t<div class=\"elementor-widget-container\">\n\t\t\t\t\t<h3 class=\"elementor-heading-title elementor-size-default\">Industries with the highest demand<\/h3>\t\t\t\t<\/div>\n\t\t\t\t<\/div>\n\t\t\t\t<div class=\"elementor-element elementor-element-9d46cde elementor-widget elementor-widget-text-editor\" data-id=\"9d46cde\" data-element_type=\"widget\" data-e-type=\"widget\" data-widget_type=\"text-editor.default\">\n\t\t\t\t<div class=\"elementor-widget-container\">\n\t\t\t\t\t\t\t\t\t<ol><li class=\"translation-block\"><strong>Craft and Manual Labor<\/strong><br>Construction, manufacturing, and logistics are sectors where foreign workers play a crucial role. The Czech Republic has long faced a shortage of bricklayers, carpenters, welders, laborers, and workers on assembly lines. This trend is confirmed by the <strong>Czech Statistical Office<\/strong>, which reports that the proportion of job vacancies in these fields remains high.<\/li><li class=\"translation-block\"><strong>Healthcare and Social Care<\/strong><br>As the population ages, the demand for healthcare increases, but Czech hospitals and nursing homes often struggle with staff shortages. Doctors, nurses, and caregivers from Ukraine, the Philippines, or India fill these gaps and help ensure quality care.<\/li><li class=\"translation-block\"><strong>Hospitality and Gastronomy<\/strong><br>The service sector, especially hospitality and gastronomy, is another area where foreign workers are indispensable. Chefs, waiters, receptionists, and housekeepers often come from abroad, as confirmed by the <strong>Czech Ministry of Labour and Social Affairs<\/strong>.<\/li><li><strong>\u00a0Gastronomie a hotelnictv\u00ed<\/strong><br \/>Sektor slu\u017eeb, zejm\u00e9na gastronomie a hotelnictv\u00ed, je dal\u0161\u00edm, kde jsou zahrani\u010dn\u00ed pracovn\u00edci nepostradateln\u00ed. Kucha\u0159i, \u010d\u00ed\u0161n\u00edci, recep\u010dn\u00ed i pokojsk\u00e9 \u010dasto poch\u00e1zej\u00ed ze zahrani\u010d\u00ed, co\u017e potvrzuje nap\u0159\u00edklad <strong>Ministerstvo pr\u00e1ce a soci\u00e1ln\u00edch v\u011bc\u00ed \u010cR<\/strong>.<\/li><\/ol>\t\t\t\t\t\t\t\t<\/div>\n\t\t\t\t<\/div>\n\t\t\t\t<div class=\"elementor-element elementor-element-c37fb12 elementor-widget-divider--view-line elementor-widget elementor-widget-divider\" data-id=\"c37fb12\" data-element_type=\"widget\" data-e-type=\"widget\" data-widget_type=\"divider.default\">\n\t\t\t\t<div class=\"elementor-widget-container\">\n\t\t\t\t\t\t\t<div class=\"elementor-divider\">\n\t\t\t<span class=\"elementor-divider-separator\">\n\t\t\t\t\t\t<\/span>\n\t\t<\/div>\n\t\t\t\t\t\t<\/div>\n\t\t\t\t<\/div>\n\t\t\t\t<div class=\"elementor-element elementor-element-afeacbe elementor-widget elementor-widget-heading\" data-id=\"afeacbe\" data-element_type=\"widget\" data-e-type=\"widget\" data-widget_type=\"heading.default\">\n\t\t\t\t<div class=\"elementor-widget-container\">\n\t\t\t\t\t<h3 class=\"elementor-heading-title elementor-size-default\">Why do companies rely on foreign workers?<\/h3>\t\t\t\t<\/div>\n\t\t\t\t<\/div>\n\t\t\t\t<div class=\"elementor-element elementor-element-9ce8c5d elementor-widget elementor-widget-text-editor\" data-id=\"9ce8c5d\" data-element_type=\"widget\" data-e-type=\"widget\" data-widget_type=\"text-editor.default\">\n\t\t\t\t<div class=\"elementor-widget-container\">\n\t\t\t\t\t\t\t\t\t<p>Foreign workers bring not only the necessary skills but also flexibility and a willingness to work in professions and conditions that Czechs often reject. This approach allows companies to:<\/p><ul><li style=\"list-style-type: none;\"><ul><li class=\"translation-block\"><strong>Maintain operational stability:<\/strong> Thanks to foreign workers, companies can fulfill their orders without delays.<\/li><li class=\"translation-block\"><strong>Increase competitiveness:<\/strong> Multicultural teams bring innovation and new perspectives on problem-solving.<\/li><li class=\"translation-block\"><strong>Reduce recruitment costs:<\/strong> Foreign workers are often willing to take positions that companies have long struggled to fill.<\/li><\/ul><\/li><\/ul>\t\t\t\t\t\t\t\t<\/div>\n\t\t\t\t<\/div>\n\t\t\t\t<div class=\"elementor-element elementor-element-73abb0c elementor-widget-divider--view-line elementor-widget elementor-widget-divider\" data-id=\"73abb0c\" data-element_type=\"widget\" data-e-type=\"widget\" data-widget_type=\"divider.default\">\n\t\t\t\t<div class=\"elementor-widget-container\">\n\t\t\t\t\t\t\t<div class=\"elementor-divider\">\n\t\t\t<span class=\"elementor-divider-separator\">\n\t\t\t\t\t\t<\/span>\n\t\t<\/div>\n\t\t\t\t\t\t<\/div>\n\t\t\t\t<\/div>\n\t\t\t\t<\/div>\n\t\t\t\t\t<\/div>\n\t\t\t\t<\/div>\n\t\t<div class=\"elementor-element elementor-element-c4abfae e-flex e-con-boxed e-con e-parent\" data-id=\"c4abfae\" data-element_type=\"container\" data-e-type=\"container\">\n\t\t\t\t\t<div class=\"e-con-inner\">\n\t\t<div class=\"elementor-element elementor-element-2b616f3 e-con-full e-flex e-con e-child\" data-id=\"2b616f3\" data-element_type=\"container\" data-e-type=\"container\">\n\t\t\t\t<div class=\"elementor-element elementor-element-0cb0ad8 elementor-widget elementor-widget-heading\" data-id=\"0cb0ad8\" data-element_type=\"widget\" data-e-type=\"widget\" data-widget_type=\"heading.default\">\n\t\t\t\t<div class=\"elementor-widget-container\">\n\t\t\t\t\t<h3 class=\"elementor-heading-title elementor-size-default\">A trusted choice: DMPF Consulting<\/h3>\t\t\t\t<\/div>\n\t\t\t\t<\/div>\n\t\t\t\t<div class=\"elementor-element elementor-element-c362525 elementor-widget elementor-widget-text-editor\" data-id=\"c362525\" data-element_type=\"widget\" data-e-type=\"widget\" data-widget_type=\"text-editor.default\">\n\t\t\t\t<div class=\"elementor-widget-container\">\n\t\t\t\t\t\t\t\t\t<p class=\"translation-block\">For companies looking to successfully harness the potential of foreign workers, a proper strategy and thorough understanding of the legislation are key. <strong>DMPF Consulting<\/strong> is your partner, guiding you through every step of the process \u2013 from recruitment, through visa and permit procedures, to adapting workers to the Czech environment.<\/p><p class=\"translation-block\"><strong>We believe that people are the key to the success of any company.<\/strong> If you want to learn more about how we can help, take a look at our services at <a href=\"https:\/\/dmpf-consulting.cz\/en\/\" target=\"_self\">www.dmpf-consulting.cz<\/a> or contact us.<\/p><p><em>Together, we create solutions that are changing the labor market.<\/em><\/p>\t\t\t\t\t\t\t\t<\/div>\n\t\t\t\t<\/div>\n\t\t\t\t<div class=\"elementor-element elementor-element-80727e9 elementor-widget-divider--view-line elementor-widget elementor-widget-divider\" data-id=\"80727e9\" data-element_type=\"widget\" data-e-type=\"widget\" data-widget_type=\"divider.default\">\n\t\t\t\t<div class=\"elementor-widget-container\">\n\t\t\t\t\t\t\t<div class=\"elementor-divider\">\n\t\t\t<span class=\"elementor-divider-separator\">\n\t\t\t\t\t\t<\/span>\n\t\t<\/div>\n\t\t\t\t\t\t<\/div>\n\t\t\t\t<\/div>\n\t\t\t\t<div class=\"elementor-element elementor-element-20e0a12 elementor-widget elementor-widget-text-editor\" data-id=\"20e0a12\" data-element_type=\"widget\" data-e-type=\"widget\" data-widget_type=\"text-editor.default\">\n\t\t\t\t<div class=\"elementor-widget-container\">\n\t\t\t\t\t\t\t\t\t<p><em><strong>Sources:<\/strong><\/em><\/p><ul><li><em>Czech Statistical Office (csu.gov.cz)<\/em><\/li><li><em>Ministry of Labour and Social Affairs of the Czech Republic (mpsv.cz)<\/em><\/li><li><em>Labor market data from agencies and expert studies.<\/em><\/li><\/ul>\t\t\t\t\t\t\t\t<\/div>\n\t\t\t\t<\/div>\n\t\t\t\t<div class=\"elementor-element elementor-element-e4f659e elementor-widget-divider--view-line elementor-widget elementor-widget-divider\" data-id=\"e4f659e\" data-element_type=\"widget\" data-e-type=\"widget\" data-widget_type=\"divider.default\">\n\t\t\t\t<div class=\"elementor-widget-container\">\n\t\t\t\t\t\t\t<div class=\"elementor-divider\">\n\t\t\t<span class=\"elementor-divider-separator\">\n\t\t\t\t\t\t<\/span>\n\t\t<\/div>\n\t\t\t\t\t\t<\/div>\n\t\t\t\t<\/div>\n\t\t\t\t<\/div>\n\t\t\t\t\t<\/div>\n\t\t\t\t<\/div>\n\t\t<div class=\"elementor-element elementor-element-c7ff0b7 e-flex e-con-boxed e-con e-parent\" data-id=\"c7ff0b7\" data-element_type=\"container\" data-e-type=\"container\">\n\t\t\t\t\t<div class=\"e-con-inner\">\n\t\t\t\t<div class=\"elementor-element elementor-element-1f89d0f elementor-align-left elementor-tablet-align-center elementor-widget elementor-widget-button\" data-id=\"1f89d0f\" data-element_type=\"widget\" data-e-type=\"widget\" data-widget_type=\"button.default\">\n\t\t\t\t<div class=\"elementor-widget-container\">\n\t\t\t\t\t\t\t\t\t<div class=\"elementor-button-wrapper\">\n\t\t\t\t\t<a class=\"elementor-button elementor-button-link elementor-size-sm\" href=\"https:\/\/dmpf-consulting.cz\/en\/blog\/\">\n\t\t\t\t\t\t<span class=\"elementor-button-content-wrapper\">\n\t\t\t\t\t\t\t\t\t<span class=\"elementor-button-text\">Explore more<\/span>\n\t\t\t\t\t<\/span>\n\t\t\t\t\t<\/a>\n\t\t\t\t<\/div>\n\t\t\t\t\t\t\t\t<\/div>\n\t\t\t\t<\/div>\n\t\t\t\t\t<\/div>\n\t\t\t\t<\/div>\n\t\t\t\t<\/div>","protected":false},"excerpt":{"rendered":"<p>Publikov\u00e1no: 2. ledna 2025 | Autor: DMPF Consulting Jak\u00e9 obory v \u010cR nejv\u00edce pot\u0159ebuj\u00ed zahrani\u010dn\u00ed pracovn\u00edky? \u010cesk\u00fd pracovn\u00ed trh se dlouhodob\u011b pot\u00fdk\u00e1 s nedostatkem kvalifikovan\u00e9 [&hellip;]<\/p>\n","protected":false},"author":1,"featured_media":0,"parent":1073,"menu_order":0,"comment_status":"closed","ping_status":"closed","template":"page-templates\/page_fullwidth.php","meta":{"footnotes":""},"class_list":["post-1183","page","type-page","status-publish","hentry"],"_links":{"self":[{"href":"https:\/\/dmpf-consulting.cz\/en\/wp-json\/wp\/v2\/pages\/1183","targetHints":{"allow":["GET"]}}],"collection":[{"href":"https:\/\/dmpf-consulting.cz\/en\/wp-json\/wp\/v2\/pages"}],"about":[{"href":"https:\/\/dmpf-consulting.cz\/en\/wp-json\/wp\/v2\/types\/page"}],"author":[{"embeddable":true,"href":"https:\/\/dmpf-consulting.cz\/en\/wp-json\/wp\/v2\/users\/1"}],"replies":[{"embeddable":true,"href":"https:\/\/dmpf-consulting.cz\/en\/wp-json\/wp\/v2\/comments?post=1183"}],"version-history":[{"count":7,"href":"https:\/\/dmpf-consulting.cz\/en\/wp-json\/wp\/v2\/pages\/1183\/revisions"}],"predecessor-version":[{"id":1191,"href":"https:\/\/dmpf-consulting.cz\/en\/wp-json\/wp\/v2\/pages\/1183\/revisions\/1191"}],"up":[{"embeddable":true,"href":"https:\/\/dmpf-consulting.cz\/en\/wp-json\/wp\/v2\/pages\/1073"}],"wp:attachment":[{"href":"https:\/\/dmpf-consulting.cz\/en\/wp-json\/wp\/v2\/media?parent=1183"}],"curies":[{"name":"wp","href":"https:\/\/api.w.org\/{rel}","templated":true}]}}